{"id":1363,"date":"2026-03-31T14:05:08","date_gmt":"2026-03-31T14:05:08","guid":{"rendered":"https:\/\/cliente.rezeta.com.br\/pgr\/?page_id=1363"},"modified":"2026-04-02T14:58:30","modified_gmt":"2026-04-02T14:58:30","slug":"segmentos","status":"publish","type":"page","link":"https:\/\/cliente.rezeta.com.br\/pgr\/segmentos\/","title":{"rendered":"Segmentos"},"content":{"rendered":"\t\t<div data-elementor-type=\"wp-page\" data-elementor-id=\"1363\" class=\"elementor elementor-1363\">\n\t\t\t\t<div class=\"elementor-element elementor-element-8844fea e-flex e-con-boxed e-con e-parent\" data-id=\"8844fea\" data-element_type=\"container\" data-e-type=\"container\" data-settings=\"{&quot;background_background&quot;:&quot;classic&quot;}\">\n\t\t\t\t\t<div class=\"e-con-inner\">\n\t\t<div class=\"elementor-element elementor-element-0d04322 e-con-full e-flex e-con e-child\" data-id=\"0d04322\" data-element_type=\"container\" data-e-type=\"container\">\n\t\t\t\t<div class=\"elementor-element elementor-element-97f6382 elementor-widget elementor-widget-heading\" data-id=\"97f6382\" data-element_type=\"widget\" data-e-type=\"widget\" data-widget_type=\"heading.default\">\n\t\t\t\t<div class=\"elementor-widget-container\">\n\t\t\t\t\t<h1 class=\"elementor-heading-title elementor-size-default\">Solu\u00e7\u00f5es completas para diferentes segmentos<\/h1>\t\t\t\t<\/div>\n\t\t\t\t<\/div>\n\t\t\t\t<\/div>\n\t\t\t\t\t<\/div>\n\t\t\t\t<\/div>\n\t\t<div class=\"elementor-element elementor-element-3674f6a e-flex e-con-boxed e-con e-parent\" data-id=\"3674f6a\" data-element_type=\"container\" data-e-type=\"container\" id=\"projetos\" data-settings=\"{&quot;background_background&quot;:&quot;classic&quot;}\">\n\t\t\t\t\t<div class=\"e-con-inner\">\n\t\t<div class=\"elementor-element elementor-element-ee1ab5d e-con-full e-flex e-con e-child\" data-id=\"ee1ab5d\" data-element_type=\"container\" data-e-type=\"container\">\n\t\t<div class=\"elementor-element elementor-element-ec03de6 e-con-full e-flex e-con e-child\" data-id=\"ec03de6\" data-element_type=\"container\" data-e-type=\"container\">\n\t\t<div class=\"elementor-element elementor-element-e81ee7d e-con-full e-flex e-con e-child\" data-id=\"e81ee7d\" data-element_type=\"container\" data-e-type=\"container\">\n\t\t\t\t<div class=\"elementor-element elementor-element-f2acfd0 elementor-widget elementor-widget-text-editor\" data-id=\"f2acfd0\" data-element_type=\"widget\" data-e-type=\"widget\" data-widget_type=\"text-editor.default\">\n\t\t\t\t<div class=\"elementor-widget-container\">\n\t\t\t\t\t\t\t\t\t<p>A PGR Sistemas atua de forma ampla e estrat\u00e9gica, atendendo diferentes segmentos do mercado com solu\u00e7\u00f5es personalizadas e eficientes. Ao longo da sua trajet\u00f3ria, a empresa consolidou experi\u00eancia em projetos para ind\u00fastrias, biocombust\u00edveis, setor aliment\u00edcio, galp\u00f5es log\u00edsticos e centros de distribui\u00e7\u00e3o, hipermercados, shoppings, ind\u00fastria qu\u00edmica e agroqu\u00edmica, entre outros.<\/p><p>Essa diversidade de atua\u00e7\u00e3o permite \u00e0 PGR Sistemas compreender as particularidades de cada opera\u00e7\u00e3o, desenvolvendo solu\u00e7\u00f5es t\u00e9cnicas que se adaptam \u00e0s necessidades espec\u00edficas de cada cliente e ambiente, aliadas a uma gest\u00e3o de projetos que garante qualidade, seguran\u00e7a, organiza\u00e7\u00e3o e excel\u00eancia em todas as etapas \u2014 do planejamento \u00e0 entrega final.<\/p>\t\t\t\t\t\t\t\t<\/div>\n\t\t\t\t<\/div>\n\t\t\t\t<\/div>\n\t\t\t\t<\/div>\n\t\t\t\t<\/div>\n\t\t\t\t\t<\/div>\n\t\t\t\t<\/div>\n\t\t<div class=\"elementor-element elementor-element-6cd36bc e-flex e-con-boxed e-con e-parent\" data-id=\"6cd36bc\" data-element_type=\"container\" data-e-type=\"container\" data-settings=\"{&quot;background_background&quot;:&quot;classic&quot;}\">\n\t\t\t\t\t<div class=\"e-con-inner\">\n\t\t<div class=\"elementor-element elementor-element-fa82692 e-con-full e-flex e-con e-child\" data-id=\"fa82692\" data-element_type=\"container\" data-e-type=\"container\">\n\t\t<div class=\"elementor-element elementor-element-e36f0d4 e-con-full e-flex e-con e-child\" data-id=\"e36f0d4\" data-element_type=\"container\" data-e-type=\"container\">\n\t\t<div class=\"elementor-element elementor-element-0097023 e-con-full e-flex e-con e-child\" data-id=\"0097023\" data-element_type=\"container\" data-e-type=\"container\">\n\t\t\t\t<div class=\"elementor-element elementor-element-5b05498 elementor-position-top elementor-widget elementor-widget-image-box\" data-id=\"5b05498\" data-element_type=\"widget\" data-e-type=\"widget\" data-widget_type=\"image-box.default\">\n\t\t\t\t<div class=\"elementor-widget-container\">\n\t\t\t\t\t<div class=\"elementor-image-box-wrapper\"><figure class=\"elementor-image-box-img\"><img fetchpriority=\"high\" decoding=\"async\" width=\"1536\" height=\"1024\" src=\"https:\/\/cliente.rezeta.com.br\/pgr\/wp-content\/uploads\/2026\/03\/ChatGPT-Image-30_03_2026-16_26_13.png\" class=\"attachment-full size-full wp-image-1366\" alt=\"chatgpt image 30 03 2026, 16 26 13\" title=\"Segmentos\" srcset=\"https:\/\/cliente.rezeta.com.br\/pgr\/wp-content\/uploads\/2026\/03\/ChatGPT-Image-30_03_2026-16_26_13.png 1536w, https:\/\/cliente.rezeta.com.br\/pgr\/wp-content\/uploads\/2026\/03\/ChatGPT-Image-30_03_2026-16_26_13-300x200.png 300w, https:\/\/cliente.rezeta.com.br\/pgr\/wp-content\/uploads\/2026\/03\/ChatGPT-Image-30_03_2026-16_26_13-1024x683.png 1024w, https:\/\/cliente.rezeta.com.br\/pgr\/wp-content\/uploads\/2026\/03\/ChatGPT-Image-30_03_2026-16_26_13-768x512.png 768w\" sizes=\"(max-width: 1536px) 100vw, 1536px\" \/><\/figure><div class=\"elementor-image-box-content\"><h3 class=\"elementor-image-box-title\">Hipermercados<\/h3><p class=\"elementor-image-box-description\">Projetos e instala\u00e7\u00f5es voltados para grandes \u00e1reas de circula\u00e7\u00e3o de pessoas e mercadorias, garantindo seguran\u00e7a e conformidade com normas t\u00e9cnicas.<\/p><\/div><\/div>\t\t\t\t<\/div>\n\t\t\t\t<\/div>\n\t\t\t\t<\/div>\n\t\t<div class=\"elementor-element elementor-element-4ac1b9e e-con-full e-flex e-con e-child\" data-id=\"4ac1b9e\" data-element_type=\"container\" data-e-type=\"container\">\n\t\t\t\t<div class=\"elementor-element elementor-element-77bd6d0 elementor-position-top elementor-widget elementor-widget-image-box\" data-id=\"77bd6d0\" data-element_type=\"widget\" data-e-type=\"widget\" data-widget_type=\"image-box.default\">\n\t\t\t\t<div class=\"elementor-widget-container\">\n\t\t\t\t\t<div class=\"elementor-image-box-wrapper\"><figure class=\"elementor-image-box-img\"><img decoding=\"async\" width=\"1536\" height=\"1024\" src=\"https:\/\/cliente.rezeta.com.br\/pgr\/wp-content\/uploads\/2026\/03\/ChatGPT-Image-30_03_2026-16_27_24.png\" class=\"attachment-full size-full wp-image-1367\" alt=\"chatgpt image 30 03 2026, 16 27 24\" title=\"Segmentos\" srcset=\"https:\/\/cliente.rezeta.com.br\/pgr\/wp-content\/uploads\/2026\/03\/ChatGPT-Image-30_03_2026-16_27_24.png 1536w, https:\/\/cliente.rezeta.com.br\/pgr\/wp-content\/uploads\/2026\/03\/ChatGPT-Image-30_03_2026-16_27_24-300x200.png 300w, https:\/\/cliente.rezeta.com.br\/pgr\/wp-content\/uploads\/2026\/03\/ChatGPT-Image-30_03_2026-16_27_24-1024x683.png 1024w, https:\/\/cliente.rezeta.com.br\/pgr\/wp-content\/uploads\/2026\/03\/ChatGPT-Image-30_03_2026-16_27_24-768x512.png 768w\" sizes=\"(max-width: 1536px) 100vw, 1536px\" \/><\/figure><div class=\"elementor-image-box-content\"><h3 class=\"elementor-image-box-title\">Industrial<\/h3><p class=\"elementor-image-box-description\">Solu\u00e7\u00f5es espec\u00edficas para ambientes\nindustriais, considerando riscos elevados e\nnecessidade de sistemas robustos e confi\u00e1veis.<\/p><\/div><\/div>\t\t\t\t<\/div>\n\t\t\t\t<\/div>\n\t\t\t\t<\/div>\n\t\t<div class=\"elementor-element elementor-element-cc2ca74 e-con-full e-flex e-con e-child\" data-id=\"cc2ca74\" data-element_type=\"container\" data-e-type=\"container\">\n\t\t\t\t<div class=\"elementor-element elementor-element-d07a5d5 elementor-position-top elementor-widget elementor-widget-image-box\" data-id=\"d07a5d5\" data-element_type=\"widget\" data-e-type=\"widget\" data-widget_type=\"image-box.default\">\n\t\t\t\t<div class=\"elementor-widget-container\">\n\t\t\t\t\t<div class=\"elementor-image-box-wrapper\"><figure class=\"elementor-image-box-img\"><img decoding=\"async\" width=\"1536\" height=\"1024\" src=\"https:\/\/cliente.rezeta.com.br\/pgr\/wp-content\/uploads\/2026\/03\/ChatGPT-Image-30_03_2026-16_29_09.png\" class=\"attachment-full size-full wp-image-1368\" alt=\"chatgpt image 30 03 2026, 16 29 09\" title=\"Segmentos\" srcset=\"https:\/\/cliente.rezeta.com.br\/pgr\/wp-content\/uploads\/2026\/03\/ChatGPT-Image-30_03_2026-16_29_09.png 1536w, https:\/\/cliente.rezeta.com.br\/pgr\/wp-content\/uploads\/2026\/03\/ChatGPT-Image-30_03_2026-16_29_09-300x200.png 300w, https:\/\/cliente.rezeta.com.br\/pgr\/wp-content\/uploads\/2026\/03\/ChatGPT-Image-30_03_2026-16_29_09-1024x683.png 1024w, https:\/\/cliente.rezeta.com.br\/pgr\/wp-content\/uploads\/2026\/03\/ChatGPT-Image-30_03_2026-16_29_09-768x512.png 768w\" sizes=\"(max-width: 1536px) 100vw, 1536px\" \/><\/figure><div class=\"elementor-image-box-content\"><h3 class=\"elementor-image-box-title\">Shoppings Centers<\/h3><p class=\"elementor-image-box-description\">Estruturas de combate a inc\u00eandio adaptadas a\nespa\u00e7os comerciais complexos, com foco na\nprote\u00e7\u00e3o de clientes, lojistas e patrim\u00f4nio.<\/p><\/div><\/div>\t\t\t\t<\/div>\n\t\t\t\t<\/div>\n\t\t\t\t<\/div>\n\t\t\t\t<\/div>\n\t\t\t\t<\/div>\n\t\t\t\t\t<\/div>\n\t\t\t\t<\/div>\n\t\t<div class=\"elementor-element elementor-element-9191fe1 e-flex e-con-boxed e-con e-parent\" data-id=\"9191fe1\" data-element_type=\"container\" data-e-type=\"container\" data-settings=\"{&quot;background_background&quot;:&quot;classic&quot;}\">\n\t\t\t\t\t<div class=\"e-con-inner\">\n\t\t<div class=\"elementor-element elementor-element-dc5797d e-con-full e-flex e-con e-child\" data-id=\"dc5797d\" data-element_type=\"container\" data-e-type=\"container\">\n\t\t<div class=\"elementor-element elementor-element-5f190be e-con-full e-flex e-con e-child\" data-id=\"5f190be\" data-element_type=\"container\" data-e-type=\"container\">\n\t\t<div class=\"elementor-element elementor-element-50643cd e-con-full e-flex e-con e-child\" data-id=\"50643cd\" data-element_type=\"container\" data-e-type=\"container\">\n\t\t\t\t<\/div>\n\t\t<div class=\"elementor-element elementor-element-815639f e-con-full e-flex e-con e-child\" data-id=\"815639f\" data-element_type=\"container\" data-e-type=\"container\">\n\t\t\t\t<div class=\"elementor-element elementor-element-beb97eb elementor-position-top elementor-widget elementor-widget-image-box\" data-id=\"beb97eb\" data-element_type=\"widget\" data-e-type=\"widget\" data-widget_type=\"image-box.default\">\n\t\t\t\t<div class=\"elementor-widget-container\">\n\t\t\t\t\t<div class=\"elementor-image-box-wrapper\"><figure class=\"elementor-image-box-img\"><img loading=\"lazy\" decoding=\"async\" width=\"1536\" height=\"1024\" src=\"https:\/\/cliente.rezeta.com.br\/pgr\/wp-content\/uploads\/2026\/03\/ChatGPT-Image-30_03_2026-16_32_07.png\" class=\"attachment-full size-full wp-image-1369\" alt=\"chatgpt image 30 03 2026, 16 32 07\" title=\"Segmentos\" srcset=\"https:\/\/cliente.rezeta.com.br\/pgr\/wp-content\/uploads\/2026\/03\/ChatGPT-Image-30_03_2026-16_32_07.png 1536w, https:\/\/cliente.rezeta.com.br\/pgr\/wp-content\/uploads\/2026\/03\/ChatGPT-Image-30_03_2026-16_32_07-300x200.png 300w, https:\/\/cliente.rezeta.com.br\/pgr\/wp-content\/uploads\/2026\/03\/ChatGPT-Image-30_03_2026-16_32_07-1024x683.png 1024w, https:\/\/cliente.rezeta.com.br\/pgr\/wp-content\/uploads\/2026\/03\/ChatGPT-Image-30_03_2026-16_32_07-768x512.png 768w\" sizes=\"(max-width: 1536px) 100vw, 1536px\" \/><\/figure><div class=\"elementor-image-box-content\"><h3 class=\"elementor-image-box-title\">Centros de Distribui\u00e7\u00e3o<\/h3><p class=\"elementor-image-box-description\">Projetos que asseguram a integridade de\nestoques e opera\u00e7\u00f5es log\u00edsticas, minimizando\nriscos e garantindo continuidade operacional.<\/p><\/div><\/div>\t\t\t\t<\/div>\n\t\t\t\t<\/div>\n\t\t\t\t<\/div>\n\t\t<div class=\"elementor-element elementor-element-41b169f e-con-full e-flex e-con e-child\" data-id=\"41b169f\" data-element_type=\"container\" data-e-type=\"container\">\n\t\t\t\t<div class=\"elementor-element elementor-element-a00d4ab elementor-position-top elementor-widget elementor-widget-image-box\" data-id=\"a00d4ab\" data-element_type=\"widget\" data-e-type=\"widget\" data-widget_type=\"image-box.default\">\n\t\t\t\t<div class=\"elementor-widget-container\">\n\t\t\t\t\t<div class=\"elementor-image-box-wrapper\"><figure class=\"elementor-image-box-img\"><img loading=\"lazy\" decoding=\"async\" width=\"1536\" height=\"1024\" src=\"https:\/\/cliente.rezeta.com.br\/pgr\/wp-content\/uploads\/2026\/03\/ChatGPT-Image-30_03_2026-16_40_56.png\" class=\"attachment-full size-full wp-image-1370\" alt=\"chatgpt image 30 03 2026, 16 40 56\" title=\"Segmentos\" srcset=\"https:\/\/cliente.rezeta.com.br\/pgr\/wp-content\/uploads\/2026\/03\/ChatGPT-Image-30_03_2026-16_40_56.png 1536w, https:\/\/cliente.rezeta.com.br\/pgr\/wp-content\/uploads\/2026\/03\/ChatGPT-Image-30_03_2026-16_40_56-300x200.png 300w, https:\/\/cliente.rezeta.com.br\/pgr\/wp-content\/uploads\/2026\/03\/ChatGPT-Image-30_03_2026-16_40_56-1024x683.png 1024w, https:\/\/cliente.rezeta.com.br\/pgr\/wp-content\/uploads\/2026\/03\/ChatGPT-Image-30_03_2026-16_40_56-768x512.png 768w\" sizes=\"(max-width: 1536px) 100vw, 1536px\" \/><\/figure><div class=\"elementor-image-box-content\"><h3 class=\"elementor-image-box-title\">Edifica\u00e7\u00f5es<\/h3><p class=\"elementor-image-box-description\">Servi\u00e7os voltados para edif\u00edcios comerciais,\ncom solu\u00e7\u00f5es adequadas para diferentes\ntipologias e necessidades espec\u00edficas.<\/p><\/div><\/div>\t\t\t\t<\/div>\n\t\t\t\t<\/div>\n\t\t\t\t<\/div>\n\t\t<div class=\"elementor-element elementor-element-dbaaa90 e-con-full e-flex e-con e-child\" data-id=\"dbaaa90\" data-element_type=\"container\" data-e-type=\"container\">\n\t\t\t\t<\/div>\n\t\t\t\t<\/div>\n\t\t\t\t<\/div>\n\t\t\t\t\t<\/div>\n\t\t\t\t<\/div>\n\t\t\t\t<\/div>\n\t\t","protected":false},"excerpt":{"rendered":"<p>Solu\u00e7\u00f5es completas para diferentes segmentos A PGR Sistemas atua de forma ampla e estrat\u00e9gica, atendendo diferentes segmentos do mercado com solu\u00e7\u00f5es personalizadas e eficientes. Ao longo da sua trajet\u00f3ria, a empresa consolidou experi\u00eancia em projetos para ind\u00fastrias, biocombust\u00edveis, setor aliment\u00edcio, galp\u00f5es log\u00edsticos e centros de distribui\u00e7\u00e3o, hipermercados, shoppings, ind\u00fastria qu\u00edmica e agroqu\u00edmica, entre outros. Essa [&hellip;]<\/p>\n","protected":false},"author":1,"featured_media":0,"parent":0,"menu_order":0,"comment_status":"closed","ping_status":"closed","template":"","meta":{"site-sidebar-layout":"default","site-content-layout":"","ast-site-content-layout":"default","site-content-style":"default","site-sidebar-style":"default","ast-global-header-display":"","ast-banner-title-visibility":"","ast-main-header-display":"","ast-hfb-above-header-display":"","ast-hfb-below-header-display":"","ast-hfb-mobile-header-display":"","site-post-title":"disabled","ast-breadcrumbs-content":"","ast-featured-img":"","footer-sml-layout":"","ast-disable-related-posts":"","theme-transparent-header-meta":"enabled","adv-header-id-meta":"","stick-header-meta":"default","header-above-stick-meta":"","header-main-stick-meta":"","header-below-stick-meta":"","astra-migrate-meta-layouts":"set","ast-page-background-enabled":"default","ast-page-background-meta":{"desktop":{"background-color":"","background-image":"","background-repeat":"repeat","background-position":"center center","background-size":"auto","background-attachment":"scroll","background-type":"","background-media":"","overlay-type":"","overlay-color":"","overlay-opacity":"","overlay-gradient":""},"tablet":{"background-color":"","background-image":"","background-repeat":"repeat","background-position":"center center","background-size":"auto","background-attachment":"scroll","background-type":"","background-media":"","overlay-type":"","overlay-color":"","overlay-opacity":"","overlay-gradient":""},"mobile":{"background-color":"","background-image":"","background-repeat":"repeat","background-position":"center center","background-size":"auto","background-attachment":"scroll","background-type":"","background-media":"","overlay-type":"","overlay-color":"","overlay-opacity":"","overlay-gradient":""}},"ast-content-background-meta":{"desktop":{"background-color":"var(--ast-global-color-5)","background-image":"","background-repeat":"repeat","background-position":"center center","background-size":"auto","background-attachment":"scroll","background-type":"","background-media":"","overlay-type":"","overlay-color":"","overlay-opacity":"","overlay-gradient":""},"tablet":{"background-color":"var(--ast-global-color-5)","background-image":"","background-repeat":"repeat","background-position":"center center","background-size":"auto","background-attachment":"scroll","background-type":"","background-media":"","overlay-type":"","overlay-color":"","overlay-opacity":"","overlay-gradient":""},"mobile":{"background-color":"var(--ast-global-color-5)","background-image":"","background-repeat":"repeat","background-position":"center center","background-size":"auto","background-attachment":"scroll","background-type":"","background-media":"","overlay-type":"","overlay-color":"","overlay-opacity":"","overlay-gradient":""}},"footnotes":""},"class_list":["post-1363","page","type-page","status-publish","hentry"],"_links":{"self":[{"href":"https:\/\/cliente.rezeta.com.br\/pgr\/wp-json\/wp\/v2\/pages\/1363","targetHints":{"allow":["GET"]}}],"collection":[{"href":"https:\/\/cliente.rezeta.com.br\/pgr\/wp-json\/wp\/v2\/pages"}],"about":[{"href":"https:\/\/cliente.rezeta.com.br\/pgr\/wp-json\/wp\/v2\/types\/page"}],"author":[{"embeddable":true,"href":"https:\/\/cliente.rezeta.com.br\/pgr\/wp-json\/wp\/v2\/users\/1"}],"replies":[{"embeddable":true,"href":"https:\/\/cliente.rezeta.com.br\/pgr\/wp-json\/wp\/v2\/comments?post=1363"}],"version-history":[{"count":32,"href":"https:\/\/cliente.rezeta.com.br\/pgr\/wp-json\/wp\/v2\/pages\/1363\/revisions"}],"predecessor-version":[{"id":1455,"href":"https:\/\/cliente.rezeta.com.br\/pgr\/wp-json\/wp\/v2\/pages\/1363\/revisions\/1455"}],"wp:attachment":[{"href":"https:\/\/cliente.rezeta.com.br\/pgr\/wp-json\/wp\/v2\/media?parent=1363"}],"curies":[{"name":"wp","href":"https:\/\/api.w.org\/{rel}","templated":true}]}}