{"id":1391,"date":"2026-03-31T14:46:22","date_gmt":"2026-03-31T14:46:22","guid":{"rendered":"https:\/\/cliente.rezeta.com.br\/pgr\/?page_id=1391"},"modified":"2026-03-31T15:19:00","modified_gmt":"2026-03-31T15:19:00","slug":"segmentos-2","status":"publish","type":"page","link":"https:\/\/cliente.rezeta.com.br\/pgr\/segmentos-2\/","title":{"rendered":"Portf\u00f3lio"},"content":{"rendered":"\t\t<div data-elementor-type=\"wp-page\" data-elementor-id=\"1391\" class=\"elementor elementor-1391\">\n\t\t\t\t<div class=\"elementor-element elementor-element-8844fea e-flex e-con-boxed e-con e-parent\" data-id=\"8844fea\" data-element_type=\"container\" data-e-type=\"container\" data-settings=\"{&quot;background_background&quot;:&quot;classic&quot;}\">\n\t\t\t\t\t<div class=\"e-con-inner\">\n\t\t<div class=\"elementor-element elementor-element-0d04322 e-con-full e-flex e-con e-child\" data-id=\"0d04322\" data-element_type=\"container\" data-e-type=\"container\">\n\t\t\t\t<div class=\"elementor-element elementor-element-97f6382 elementor-widget elementor-widget-heading\" data-id=\"97f6382\" data-element_type=\"widget\" data-e-type=\"widget\" data-widget_type=\"heading.default\">\n\t\t\t\t<div class=\"elementor-widget-container\">\n\t\t\t\t\t<h1 class=\"elementor-heading-title elementor-size-default\">Portf\u00f3lio<\/h1>\t\t\t\t<\/div>\n\t\t\t\t<\/div>\n\t\t\t\t<\/div>\n\t\t<div class=\"elementor-element elementor-element-20ea6e3 e-con-full e-flex e-con e-child\" data-id=\"20ea6e3\" data-element_type=\"container\" data-e-type=\"container\">\n\t\t\t\t<\/div>\n\t\t\t\t\t<\/div>\n\t\t\t\t<\/div>\n\t\t<div class=\"elementor-element elementor-element-63704b8 e-flex e-con-boxed e-con e-parent\" data-id=\"63704b8\" data-element_type=\"container\" data-e-type=\"container\">\n\t\t\t\t\t<div class=\"e-con-inner\">\n\t\t\t\t<div class=\"elementor-element elementor-element-eaf218a gallery-spacing-custom elementor-widget elementor-widget-image-gallery\" data-id=\"eaf218a\" data-element_type=\"widget\" data-e-type=\"widget\" data-widget_type=\"image-gallery.default\">\n\t\t\t\t<div class=\"elementor-widget-container\">\n\t\t\t\t\t\t\t<div class=\"elementor-image-gallery\">\n\t\t\t<div id='gallery-1' class='gallery galleryid-1391 gallery-columns-3 gallery-size-full'><figure class='gallery-item'>\n\t\t\t<div class='gallery-icon landscape'>\n\t\t\t\t<a data-elementor-open-lightbox=\"yes\" data-elementor-lightbox-slideshow=\"eaf218a\" data-elementor-lightbox-title=\"imagem 002\" data-e-action-hash=\"#elementor-action%3Aaction%3Dlightbox%26settings%3DeyJpZCI6MTM5NywidXJsIjoiaHR0cHM6XC9cL2NsaWVudGUucmV6ZXRhLmNvbS5iclwvcGdyXC93cC1jb250ZW50XC91cGxvYWRzXC8yMDI2XC8wM1wvSW1hZ2VtXzAwMi5wbmciLCJzbGlkZXNob3ciOiJlYWYyMThhIn0%3D\" href='https:\/\/cliente.rezeta.com.br\/pgr\/wp-content\/uploads\/2026\/03\/Imagem_002.png'><img fetchpriority=\"high\" decoding=\"async\" width=\"1536\" height=\"1024\" src=\"https:\/\/cliente.rezeta.com.br\/pgr\/wp-content\/uploads\/2026\/03\/Imagem_002.png\" class=\"attachment-full size-full\" alt=\"imagem 002\" aria-describedby=\"gallery-1-1397\" srcset=\"https:\/\/cliente.rezeta.com.br\/pgr\/wp-content\/uploads\/2026\/03\/Imagem_002.png 1536w, https:\/\/cliente.rezeta.com.br\/pgr\/wp-content\/uploads\/2026\/03\/Imagem_002-300x200.png 300w, https:\/\/cliente.rezeta.com.br\/pgr\/wp-content\/uploads\/2026\/03\/Imagem_002-1024x683.png 1024w, https:\/\/cliente.rezeta.com.br\/pgr\/wp-content\/uploads\/2026\/03\/Imagem_002-768x512.png 768w\" sizes=\"(max-width: 1536px) 100vw, 1536px\" title=\"Portf\u00f3lio\"><\/a>\n\t\t\t<\/div>\n\t\t\t\t<figcaption class='wp-caption-text gallery-caption' id='gallery-1-1397'>\n\t\t\t\tSPCI Parque de Tanques Reservat\u00f3rios \n\t\t\t\t<\/figcaption><\/figure><figure class='gallery-item'>\n\t\t\t<div class='gallery-icon landscape'>\n\t\t\t\t<a data-elementor-open-lightbox=\"yes\" data-elementor-lightbox-slideshow=\"eaf218a\" data-elementor-lightbox-title=\"imagem 010\" data-e-action-hash=\"#elementor-action%3Aaction%3Dlightbox%26settings%3DeyJpZCI6MTM5MywidXJsIjoiaHR0cHM6XC9cL2NsaWVudGUucmV6ZXRhLmNvbS5iclwvcGdyXC93cC1jb250ZW50XC91cGxvYWRzXC8yMDI2XC8wM1wvSW1hZ2VtXzAxMC5wbmciLCJzbGlkZXNob3ciOiJlYWYyMThhIn0%3D\" href='https:\/\/cliente.rezeta.com.br\/pgr\/wp-content\/uploads\/2026\/03\/Imagem_010.png'><img decoding=\"async\" width=\"1536\" height=\"1024\" src=\"https:\/\/cliente.rezeta.com.br\/pgr\/wp-content\/uploads\/2026\/03\/Imagem_010.png\" class=\"attachment-full size-full\" alt=\"imagem 010\" aria-describedby=\"gallery-1-1393\" srcset=\"https:\/\/cliente.rezeta.com.br\/pgr\/wp-content\/uploads\/2026\/03\/Imagem_010.png 1536w, https:\/\/cliente.rezeta.com.br\/pgr\/wp-content\/uploads\/2026\/03\/Imagem_010-300x200.png 300w, https:\/\/cliente.rezeta.com.br\/pgr\/wp-content\/uploads\/2026\/03\/Imagem_010-1024x683.png 1024w, https:\/\/cliente.rezeta.com.br\/pgr\/wp-content\/uploads\/2026\/03\/Imagem_010-768x512.png 768w\" sizes=\"(max-width: 1536px) 100vw, 1536px\" title=\"Portf\u00f3lio\"><\/a>\n\t\t\t<\/div>\n\t\t\t\t<figcaption class='wp-caption-text gallery-caption' id='gallery-1-1393'>\n\t\t\t\tCasa de Bombas\n\t\t\t\t<\/figcaption><\/figure><figure class='gallery-item'>\n\t\t\t<div class='gallery-icon landscape'>\n\t\t\t\t<a data-elementor-open-lightbox=\"yes\" data-elementor-lightbox-slideshow=\"eaf218a\" data-elementor-lightbox-title=\"imagem 001 (1)\" data-e-action-hash=\"#elementor-action%3Aaction%3Dlightbox%26settings%3DeyJpZCI6MTM5NCwidXJsIjoiaHR0cHM6XC9cL2NsaWVudGUucmV6ZXRhLmNvbS5iclwvcGdyXC93cC1jb250ZW50XC91cGxvYWRzXC8yMDI2XC8wM1wvSW1hZ2VtXzAwMS0xLnBuZyIsInNsaWRlc2hvdyI6ImVhZjIxOGEifQ%3D%3D\" href='https:\/\/cliente.rezeta.com.br\/pgr\/wp-content\/uploads\/2026\/03\/Imagem_001-1.png'><img decoding=\"async\" width=\"1536\" height=\"1024\" src=\"https:\/\/cliente.rezeta.com.br\/pgr\/wp-content\/uploads\/2026\/03\/Imagem_001-1.png\" class=\"attachment-full size-full\" alt=\"imagem 001 (1)\" aria-describedby=\"gallery-1-1394\" srcset=\"https:\/\/cliente.rezeta.com.br\/pgr\/wp-content\/uploads\/2026\/03\/Imagem_001-1.png 1536w, https:\/\/cliente.rezeta.com.br\/pgr\/wp-content\/uploads\/2026\/03\/Imagem_001-1-300x200.png 300w, https:\/\/cliente.rezeta.com.br\/pgr\/wp-content\/uploads\/2026\/03\/Imagem_001-1-1024x683.png 1024w, https:\/\/cliente.rezeta.com.br\/pgr\/wp-content\/uploads\/2026\/03\/Imagem_001-1-768x512.png 768w\" sizes=\"(max-width: 1536px) 100vw, 1536px\" title=\"Portf\u00f3lio\"><\/a>\n\t\t\t<\/div>\n\t\t\t\t<figcaption class='wp-caption-text gallery-caption' id='gallery-1-1394'>\n\t\t\t\tSPCI Armazenamento L\u00edquidos Inflam\u00e1veis\n\t\t\t\t<\/figcaption><\/figure><figure class='gallery-item'>\n\t\t\t<div class='gallery-icon landscape'>\n\t\t\t\t<a data-elementor-open-lightbox=\"yes\" data-elementor-lightbox-slideshow=\"eaf218a\" data-elementor-lightbox-title=\"imagem 011\" data-e-action-hash=\"#elementor-action%3Aaction%3Dlightbox%26settings%3DeyJpZCI6MTM5NSwidXJsIjoiaHR0cHM6XC9cL2NsaWVudGUucmV6ZXRhLmNvbS5iclwvcGdyXC93cC1jb250ZW50XC91cGxvYWRzXC8yMDI2XC8wM1wvSW1hZ2VtXzAxMS5wbmciLCJzbGlkZXNob3ciOiJlYWYyMThhIn0%3D\" href='https:\/\/cliente.rezeta.com.br\/pgr\/wp-content\/uploads\/2026\/03\/Imagem_011.png'><img loading=\"lazy\" decoding=\"async\" width=\"1536\" height=\"1024\" src=\"https:\/\/cliente.rezeta.com.br\/pgr\/wp-content\/uploads\/2026\/03\/Imagem_011.png\" class=\"attachment-full size-full\" alt=\"imagem 011\" aria-describedby=\"gallery-1-1395\" srcset=\"https:\/\/cliente.rezeta.com.br\/pgr\/wp-content\/uploads\/2026\/03\/Imagem_011.png 1536w, https:\/\/cliente.rezeta.com.br\/pgr\/wp-content\/uploads\/2026\/03\/Imagem_011-300x200.png 300w, https:\/\/cliente.rezeta.com.br\/pgr\/wp-content\/uploads\/2026\/03\/Imagem_011-1024x683.png 1024w, https:\/\/cliente.rezeta.com.br\/pgr\/wp-content\/uploads\/2026\/03\/Imagem_011-768x512.png 768w\" sizes=\"(max-width: 1536px) 100vw, 1536px\" title=\"Portf\u00f3lio\"><\/a>\n\t\t\t<\/div>\n\t\t\t\t<figcaption class='wp-caption-text gallery-caption' id='gallery-1-1395'>\n\t\t\t\tV\u00e1lvulas de Dil\u00favio\n\t\t\t\t<\/figcaption><\/figure><figure class='gallery-item'>\n\t\t\t<div class='gallery-icon landscape'>\n\t\t\t\t<a data-elementor-open-lightbox=\"yes\" data-elementor-lightbox-slideshow=\"eaf218a\" data-elementor-lightbox-title=\"imagem 006\" data-e-action-hash=\"#elementor-action%3Aaction%3Dlightbox%26settings%3DeyJpZCI6MTM5OCwidXJsIjoiaHR0cHM6XC9cL2NsaWVudGUucmV6ZXRhLmNvbS5iclwvcGdyXC93cC1jb250ZW50XC91cGxvYWRzXC8yMDI2XC8wM1wvSW1hZ2VtXzAwNi5wbmciLCJzbGlkZXNob3ciOiJlYWYyMThhIn0%3D\" href='https:\/\/cliente.rezeta.com.br\/pgr\/wp-content\/uploads\/2026\/03\/Imagem_006.png'><img loading=\"lazy\" decoding=\"async\" width=\"1536\" height=\"1024\" src=\"https:\/\/cliente.rezeta.com.br\/pgr\/wp-content\/uploads\/2026\/03\/Imagem_006.png\" class=\"attachment-full size-full\" alt=\"imagem 006\" aria-describedby=\"gallery-1-1398\" srcset=\"https:\/\/cliente.rezeta.com.br\/pgr\/wp-content\/uploads\/2026\/03\/Imagem_006.png 1536w, https:\/\/cliente.rezeta.com.br\/pgr\/wp-content\/uploads\/2026\/03\/Imagem_006-300x200.png 300w, https:\/\/cliente.rezeta.com.br\/pgr\/wp-content\/uploads\/2026\/03\/Imagem_006-1024x683.png 1024w, https:\/\/cliente.rezeta.com.br\/pgr\/wp-content\/uploads\/2026\/03\/Imagem_006-768x512.png 768w\" sizes=\"(max-width: 1536px) 100vw, 1536px\" title=\"Portf\u00f3lio\"><\/a>\n\t\t\t<\/div>\n\t\t\t\t<figcaption class='wp-caption-text gallery-caption' id='gallery-1-1398'>\n\t\t\t\tCanh\u00e3o Monitor Port\u00e1til\n\t\t\t\t<\/figcaption><\/figure><figure class='gallery-item'>\n\t\t\t<div class='gallery-icon landscape'>\n\t\t\t\t<a data-elementor-open-lightbox=\"yes\" data-elementor-lightbox-slideshow=\"eaf218a\" data-elementor-lightbox-title=\"imagem 009\" data-e-action-hash=\"#elementor-action%3Aaction%3Dlightbox%26settings%3DeyJpZCI6MTM5OSwidXJsIjoiaHR0cHM6XC9cL2NsaWVudGUucmV6ZXRhLmNvbS5iclwvcGdyXC93cC1jb250ZW50XC91cGxvYWRzXC8yMDI2XC8wM1wvSW1hZ2VtXzAwOS5wbmciLCJzbGlkZXNob3ciOiJlYWYyMThhIn0%3D\" href='https:\/\/cliente.rezeta.com.br\/pgr\/wp-content\/uploads\/2026\/03\/Imagem_009.png'><img loading=\"lazy\" decoding=\"async\" width=\"1536\" height=\"1024\" src=\"https:\/\/cliente.rezeta.com.br\/pgr\/wp-content\/uploads\/2026\/03\/Imagem_009.png\" class=\"attachment-full size-full\" alt=\"imagem 009\" aria-describedby=\"gallery-1-1399\" srcset=\"https:\/\/cliente.rezeta.com.br\/pgr\/wp-content\/uploads\/2026\/03\/Imagem_009.png 1536w, https:\/\/cliente.rezeta.com.br\/pgr\/wp-content\/uploads\/2026\/03\/Imagem_009-300x200.png 300w, https:\/\/cliente.rezeta.com.br\/pgr\/wp-content\/uploads\/2026\/03\/Imagem_009-1024x683.png 1024w, https:\/\/cliente.rezeta.com.br\/pgr\/wp-content\/uploads\/2026\/03\/Imagem_009-768x512.png 768w\" sizes=\"(max-width: 1536px) 100vw, 1536px\" title=\"Portf\u00f3lio\"><\/a>\n\t\t\t<\/div>\n\t\t\t\t<figcaption class='wp-caption-text gallery-caption' id='gallery-1-1399'>\n\t\t\t\tSistema Proporcionador de Espuma Hidr\u00e1ulico\n\t\t\t\t<\/figcaption><\/figure>\n\t\t<\/div>\n\t\t<\/div>\n\t\t\t\t\t\t<\/div>\n\t\t\t\t<\/div>\n\t\t\t\t\t<\/div>\n\t\t\t\t<\/div>\n\t\t\t\t<\/div>\n\t\t","protected":false},"excerpt":{"rendered":"<p>Portf\u00f3lio SPCI Parque de Tanques Reservat\u00f3rios Casa de Bombas SPCI Armazenamento L\u00edquidos Inflam\u00e1veis V\u00e1lvulas de Dil\u00favio Canh\u00e3o Monitor Port\u00e1til Sistema Proporcionador de Espuma Hidr\u00e1ulico<\/p>\n","protected":false},"author":1,"featured_media":0,"parent":0,"menu_order":0,"comment_status":"closed","ping_status":"closed","template":"","meta":{"site-sidebar-layout":"default","site-content-layout":"","ast-site-content-layout":"default","site-content-style":"default","site-sidebar-style":"default","ast-global-header-display":"","ast-banner-title-visibility":"","ast-main-header-display":"","ast-hfb-above-header-display":"","ast-hfb-below-header-display":"","ast-hfb-mobile-header-display":"","site-post-title":"disabled","ast-breadcrumbs-content":"","ast-featured-img":"","footer-sml-layout":"","ast-disable-related-posts":"","theme-transparent-header-meta":"enabled","adv-header-id-meta":"","stick-header-meta":"default","header-above-stick-meta":"","header-main-stick-meta":"","header-below-stick-meta":"","astra-migrate-meta-layouts":"set","ast-page-background-enabled":"default","ast-page-background-meta":{"desktop":{"background-color":"","background-image":"","background-repeat":"repeat","background-position":"center center","background-size":"auto","background-attachment":"scroll","background-type":"","background-media":"","overlay-type":"","overlay-color":"","overlay-opacity":"","overlay-gradient":""},"tablet":{"background-color":"","background-image":"","background-repeat":"repeat","background-position":"center center","background-size":"auto","background-attachment":"scroll","background-type":"","background-media":"","overlay-type":"","overlay-color":"","overlay-opacity":"","overlay-gradient":""},"mobile":{"background-color":"","background-image":"","background-repeat":"repeat","background-position":"center center","background-size":"auto","background-attachment":"scroll","background-type":"","background-media":"","overlay-type":"","overlay-color":"","overlay-opacity":"","overlay-gradient":""}},"ast-content-background-meta":{"desktop":{"background-color":"var(--ast-global-color-5)","background-image":"","background-repeat":"repeat","background-position":"center center","background-size":"auto","background-attachment":"scroll","background-type":"","background-media":"","overlay-type":"","overlay-color":"","overlay-opacity":"","overlay-gradient":""},"tablet":{"background-color":"var(--ast-global-color-5)","background-image":"","background-repeat":"repeat","background-position":"center center","background-size":"auto","background-attachment":"scroll","background-type":"","background-media":"","overlay-type":"","overlay-color":"","overlay-opacity":"","overlay-gradient":""},"mobile":{"background-color":"var(--ast-global-color-5)","background-image":"","background-repeat":"repeat","background-position":"center center","background-size":"auto","background-attachment":"scroll","background-type":"","background-media":"","overlay-type":"","overlay-color":"","overlay-opacity":"","overlay-gradient":""}},"footnotes":""},"class_list":["post-1391","page","type-page","status-publish","hentry"],"_links":{"self":[{"href":"https:\/\/cliente.rezeta.com.br\/pgr\/wp-json\/wp\/v2\/pages\/1391","targetHints":{"allow":["GET"]}}],"collection":[{"href":"https:\/\/cliente.rezeta.com.br\/pgr\/wp-json\/wp\/v2\/pages"}],"about":[{"href":"https:\/\/cliente.rezeta.com.br\/pgr\/wp-json\/wp\/v2\/types\/page"}],"author":[{"embeddable":true,"href":"https:\/\/cliente.rezeta.com.br\/pgr\/wp-json\/wp\/v2\/users\/1"}],"replies":[{"embeddable":true,"href":"https:\/\/cliente.rezeta.com.br\/pgr\/wp-json\/wp\/v2\/comments?post=1391"}],"version-history":[{"count":16,"href":"https:\/\/cliente.rezeta.com.br\/pgr\/wp-json\/wp\/v2\/pages\/1391\/revisions"}],"predecessor-version":[{"id":1434,"href":"https:\/\/cliente.rezeta.com.br\/pgr\/wp-json\/wp\/v2\/pages\/1391\/revisions\/1434"}],"wp:attachment":[{"href":"https:\/\/cliente.rezeta.com.br\/pgr\/wp-json\/wp\/v2\/media?parent=1391"}],"curies":[{"name":"wp","href":"https:\/\/api.w.org\/{rel}","templated":true}]}}