{"id":92,"date":"2025-10-22T13:01:23","date_gmt":"2025-10-22T13:01:23","guid":{"rendered":"https:\/\/cliente.rezeta.com.br\/pgr\/our-farm\/"},"modified":"2026-04-07T19:28:28","modified_gmt":"2026-04-07T19:28:28","slug":"sobre","status":"publish","type":"page","link":"https:\/\/cliente.rezeta.com.br\/pgr\/sobre\/","title":{"rendered":"Sobre"},"content":{"rendered":"\t\t<div data-elementor-type=\"wp-page\" data-elementor-id=\"92\" class=\"elementor elementor-92\">\n\t\t\t\t<div class=\"elementor-element elementor-element-07a2ac0 e-flex e-con-boxed e-con e-parent\" data-id=\"07a2ac0\" data-element_type=\"container\" data-e-type=\"container\" data-settings=\"{&quot;background_background&quot;:&quot;classic&quot;}\">\n\t\t\t\t\t<div class=\"e-con-inner\">\n\t\t<div class=\"elementor-element elementor-element-31aa044 e-con-full e-flex e-con e-child\" data-id=\"31aa044\" data-element_type=\"container\" data-e-type=\"container\">\n\t\t\t\t<div class=\"elementor-element elementor-element-9f79546 elementor-widget elementor-widget-heading\" data-id=\"9f79546\" data-element_type=\"widget\" data-e-type=\"widget\" data-widget_type=\"heading.default\">\n\t\t\t\t<div class=\"elementor-widget-container\">\n\t\t\t\t\t<h1 class=\"elementor-heading-title elementor-size-default\">Inova\u00e7\u00e3o e excel\u00eancia em solu\u00e7\u00f5es de prote\u00e7\u00e3o e combate a inc\u00eandios.<\/h1>\t\t\t\t<\/div>\n\t\t\t\t<\/div>\n\t\t\t\t<\/div>\n\t\t\t\t\t<\/div>\n\t\t\t\t<\/div>\n\t\t<div class=\"elementor-element elementor-element-1670caf e-flex e-con-boxed e-con e-parent\" data-id=\"1670caf\" data-element_type=\"container\" data-e-type=\"container\" data-settings=\"{&quot;background_background&quot;:&quot;classic&quot;}\">\n\t\t\t\t\t<div class=\"e-con-inner\">\n\t\t<div class=\"elementor-element elementor-element-8328e36 e-con-full e-flex e-con e-child\" data-id=\"8328e36\" data-element_type=\"container\" data-e-type=\"container\">\n\t\t<div class=\"elementor-element elementor-element-f71228a e-con-full e-flex e-con e-child\" data-id=\"f71228a\" data-element_type=\"container\" data-e-type=\"container\">\n\t\t<div class=\"elementor-element elementor-element-686947a e-con-full e-flex e-con e-child\" data-id=\"686947a\" data-element_type=\"container\" data-e-type=\"container\">\n\t\t\t\t<div class=\"elementor-element elementor-element-9a48c79 elementor-widget-divider--view-line elementor-widget elementor-widget-divider\" data-id=\"9a48c79\" data-element_type=\"widget\" data-e-type=\"widget\" data-widget_type=\"divider.default\">\n\t\t\t\t<div class=\"elementor-widget-container\">\n\t\t\t\t\t\t\t<div class=\"elementor-divider\">\n\t\t\t<span class=\"elementor-divider-separator\">\n\t\t\t\t\t\t<\/span>\n\t\t<\/div>\n\t\t\t\t\t\t<\/div>\n\t\t\t\t<\/div>\n\t\t\t\t<div class=\"elementor-element elementor-element-3b04158 elementor-widget elementor-widget-heading\" data-id=\"3b04158\" data-element_type=\"widget\" data-e-type=\"widget\" data-widget_type=\"heading.default\">\n\t\t\t\t<div class=\"elementor-widget-container\">\n\t\t\t\t\t<h2 class=\"elementor-heading-title elementor-size-default\">Sobre n\u00f3s<\/h2>\t\t\t\t<\/div>\n\t\t\t\t<\/div>\n\t\t\t\t<div class=\"elementor-element elementor-element-60879c4 elementor-widget elementor-widget-text-editor\" data-id=\"60879c4\" data-element_type=\"widget\" data-e-type=\"widget\" data-widget_type=\"text-editor.default\">\n\t\t\t\t<div class=\"elementor-widget-container\">\n\t\t\t\t\t\t\t\t\t<p>Desde os anos 2013 , a <strong>PGR Sistemas<\/strong> deixa sua marca em importantes projetos pelo Brasil, desenvolvendo e implantando sistemas de combate a inc\u00eandios, proporcionando uma experiencia impar em sua trajet\u00f3ria para diferentes neg\u00f3cios.<\/p><p>Ao longo de sua hist\u00f3ria, se consolidou como uma empresa diferenciada, respons\u00e1vel, comprometida, capaz de desenvolver a solu\u00e7\u00e3o ideal para qualquer empreendimento, e que entrega com qualidade e melhor custo-benef\u00edcio, desde projetos de pequeno a grande porte. Seu know-how em Sistemas de Emerg\u00eancia e Contra Inc\u00eandio, permite permear todas as fases do projeto.<\/p>\t\t\t\t\t\t\t\t<\/div>\n\t\t\t\t<\/div>\n\t\t\t\t<\/div>\n\t\t<div class=\"elementor-element elementor-element-a41a0a6 e-con-full e-flex e-con e-child\" data-id=\"a41a0a6\" data-element_type=\"container\" data-e-type=\"container\">\n\t\t\t\t<div class=\"elementor-element elementor-element-f8137aa elementor-widget elementor-widget-image\" data-id=\"f8137aa\" data-element_type=\"widget\" data-e-type=\"widget\" data-widget_type=\"image.default\">\n\t\t\t\t<div class=\"elementor-widget-container\">\n\t\t\t\t\t\t\t\t\t\t\t\t\t\t\t<img fetchpriority=\"high\" decoding=\"async\" width=\"342\" height=\"461\" src=\"https:\/\/cliente.rezeta.com.br\/pgr\/wp-content\/uploads\/2025\/10\/FOLDER_PGR_A4_V2-6.png\" class=\"attachment-full size-full wp-image-810\" alt=\"folder pgr a4 v2 6\" srcset=\"https:\/\/cliente.rezeta.com.br\/pgr\/wp-content\/uploads\/2025\/10\/FOLDER_PGR_A4_V2-6.png 342w, https:\/\/cliente.rezeta.com.br\/pgr\/wp-content\/uploads\/2025\/10\/FOLDER_PGR_A4_V2-6-223x300.png 223w\" sizes=\"(max-width: 342px) 100vw, 342px\" title=\"Sobre\">\t\t\t\t\t\t\t\t\t\t\t\t\t\t\t<\/div>\n\t\t\t\t<\/div>\n\t\t\t\t<\/div>\n\t\t\t\t<\/div>\n\t\t\t\t<\/div>\n\t\t\t\t\t<\/div>\n\t\t\t\t<\/div>\n\t\t<div class=\"elementor-element elementor-element-7d6d4b7 e-flex e-con-boxed e-con e-parent\" data-id=\"7d6d4b7\" data-element_type=\"container\" data-e-type=\"container\" data-settings=\"{&quot;background_background&quot;:&quot;classic&quot;}\">\n\t\t\t\t\t<div class=\"e-con-inner\">\n\t\t<div class=\"elementor-element elementor-element-858f72d e-con-full e-flex e-con e-child\" data-id=\"858f72d\" data-element_type=\"container\" data-e-type=\"container\">\n\t\t<div class=\"elementor-element elementor-element-b204755 e-con-full e-flex e-con e-child\" data-id=\"b204755\" data-element_type=\"container\" data-e-type=\"container\">\n\t\t<div class=\"elementor-element elementor-element-4147c48 e-con-full e-flex e-con e-child\" data-id=\"4147c48\" data-element_type=\"container\" data-e-type=\"container\">\n\t\t\t\t<div class=\"elementor-element elementor-element-2f6c95b elementor-widget-divider--view-line elementor-widget elementor-widget-divider\" data-id=\"2f6c95b\" data-element_type=\"widget\" data-e-type=\"widget\" data-widget_type=\"divider.default\">\n\t\t\t\t<div class=\"elementor-widget-container\">\n\t\t\t\t\t\t\t<div class=\"elementor-divider\">\n\t\t\t<span class=\"elementor-divider-separator\">\n\t\t\t\t\t\t<\/span>\n\t\t<\/div>\n\t\t\t\t\t\t<\/div>\n\t\t\t\t<\/div>\n\t\t\t\t<div class=\"elementor-element elementor-element-7733f63 elementor-widget elementor-widget-heading\" data-id=\"7733f63\" data-element_type=\"widget\" data-e-type=\"widget\" data-widget_type=\"heading.default\">\n\t\t\t\t<div class=\"elementor-widget-container\">\n\t\t\t\t\t<h2 class=\"elementor-heading-title elementor-size-default\">Nossos valores<\/h2>\t\t\t\t<\/div>\n\t\t\t\t<\/div>\n\t\t<div class=\"elementor-element elementor-element-834d92f e-con-full e-flex e-con e-child\" data-id=\"834d92f\" data-element_type=\"container\" data-e-type=\"container\">\n\t\t<div class=\"elementor-element elementor-element-1c3d732 e-con-full e-flex e-con e-child\" data-id=\"1c3d732\" data-element_type=\"container\" data-e-type=\"container\">\n\t\t\t\t<div class=\"elementor-element elementor-element-bddf08e elementor-widget elementor-widget-html\" data-id=\"bddf08e\" data-element_type=\"widget\" data-e-type=\"widget\" data-widget_type=\"html.default\">\n\t\t\t\t<div class=\"elementor-widget-container\">\n\t\t\t\t\t<style>\n    \/* Estilo do Container e T\u00edtulos *\/\n    .pgr-section {\n        color: #333;\n        line-height: 1.6;\n    }\n    .pgr-line {\n        width: 50px;\n        height: 3px;\n        background-color: #2e7d32; \/* Cor verde do destaque *\/\n        margin-bottom: 15px;\n    }\n    .pgr-title {\n        font-size: 32px;\n        font-weight: 800;\n        margin-bottom: 30px;\n    }\n\n    \/* Card de Identidade (Largo) *\/\n    .pgr-identity {\n        background: #ffffff;\n        padding: 30px;\n        border-radius: 10px;\n        border-left: 5px solid #2e7d32;\n        box-shadow: 0 10px 20px rgba(0,0,0,0.05);\n        margin-bottom: 20px;\n    }\n    .pgr-identity h3 {\n        margin-top: 0;\n        font-size: 14px;\n        letter-spacing: 2px;\n        color: #666;\n    }\n\n    \/* Grid para Miss\u00e3o e Vis\u00e3o *\/\n    .pgr-grid {\n        display: flex;\n        gap: 20px;\n        flex-wrap: wrap;\n    }\n    .pgr-card {\n        flex: 1;\n        min-width: 280px;\n        background: #ffffff;\n        padding: 25px;\n        border-radius: 10px;\n        box-shadow: 0 10px 20px rgba(0,0,0,0.05);\n    }\n    .pgr-card h3 {\n        color: #2e7d32;\n        margin-top: 0;\n        font-size: 18px;\n        border-bottom: 1px solid #eee;\n        padding-bottom: 10px;\n    }\n<\/style>\n\n<div class=\"pgr-section\">\n\n  \n\n    <div class=\"pgr-identity\">\n        <h3>IDENTIDADE E VALORES<\/h3>\n        <p>A PGR possui a seguran\u00e7a contra inc\u00eandio gravada em seu DNA. H\u00e1 mais de uma d\u00e9cada, mant\u00e9m focada em fornecer solu\u00e7\u00f5es SPCI industriais e civis evidenciando a qualidade de seus servi\u00e7os. Com sede em Prad\u00f3polis\/SP, a empresa dedica-se integralmente ao estudo e desenvolvimento constante de seus colaboradores e processos assim como o compromisso com a solidez financeira. O comprometimento e respeito com seus clientes e colaboradores \u00e9 um valor inerente da PGR Sistemas.<\/p>\n    <\/div>\n\n    <div class=\"pgr-grid\">\n        <div class=\"pgr-card\">\n            <h3>MISS\u00c3O<\/h3>\n            <p>Fornecer a solu\u00e7\u00e3o ideal para todo tipo de empreendimento, com a mais alta qualidade e gest\u00e3o eficaz.<\/p>\n        <\/div>\n        <div class=\"pgr-card\">\n            <h3>VIS\u00c3O<\/h3>\n            <p>Se tornar uma empresa de refer\u00eancia nacional em solu\u00e7\u00f5es de Sistema de Preven\u00e7\u00e3o e Combate a Inc\u00eandio.<\/p>\n        <\/div>\n    <\/div>\n<\/div>\t\t\t\t<\/div>\n\t\t\t\t<\/div>\n\t\t\t\t<\/div>\n\t\t\t\t<\/div>\n\t\t\t\t<\/div>\n\t\t\t\t<\/div>\n\t\t\t\t<\/div>\n\t\t\t\t\t<\/div>\n\t\t\t\t<\/div>\n\t\t\t\t<\/div>\n\t\t","protected":false},"excerpt":{"rendered":"<p>Inova\u00e7\u00e3o e excel\u00eancia em solu\u00e7\u00f5es de prote\u00e7\u00e3o e combate a inc\u00eandios. Sobre n\u00f3s Desde os anos 2013 , a PGR Sistemas deixa sua marca em importantes projetos pelo Brasil, desenvolvendo e implantando sistemas de combate a inc\u00eandios, proporcionando uma experiencia impar em sua trajet\u00f3ria para diferentes neg\u00f3cios. Ao longo de sua hist\u00f3ria, se consolidou como [&hellip;]<\/p>\n","protected":false},"author":1,"featured_media":0,"parent":0,"menu_order":0,"comment_status":"closed","ping_status":"closed","template":"","meta":{"site-sidebar-layout":"no-sidebar","site-content-layout":"page-builder","ast-site-content-layout":"full-width-container","site-content-style":"unboxed","site-sidebar-style":"unboxed","ast-global-header-display":"","ast-banner-title-visibility":"","ast-main-header-display":"","ast-hfb-above-header-display":"","ast-hfb-below-header-display":"","ast-hfb-mobile-header-display":"","site-post-title":"disabled","ast-breadcrumbs-content":"","ast-featured-img":"disabled","footer-sml-layout":"","ast-disable-related-posts":"","theme-transparent-header-meta":"enabled","adv-header-id-meta":"","stick-header-meta":"","header-above-stick-meta":"","header-main-stick-meta":"","header-below-stick-meta":"","astra-migrate-meta-layouts":"set","ast-page-background-enabled":"default","ast-page-background-meta":{"desktop":{"background-color":"","background-image":"","background-repeat":"repeat","background-position":"center center","background-size":"auto","background-attachment":"scroll","background-type":"","background-media":"","overlay-type":"","overlay-color":"","overlay-opacity":"","overlay-gradient":""},"tablet":{"background-color":"","background-image":"","background-repeat":"repeat","background-position":"center center","background-size":"auto","background-attachment":"scroll","background-type":"","background-media":"","overlay-type":"","overlay-color":"","overlay-opacity":"","overlay-gradient":""},"mobile":{"background-color":"","background-image":"","background-repeat":"repeat","background-position":"center center","background-size":"auto","background-attachment":"scroll","background-type":"","background-media":"","overlay-type":"","overlay-color":"","overlay-opacity":"","overlay-gradient":""}},"ast-content-background-meta":{"desktop":{"background-color":"var(--ast-global-color-5)","background-image":"","background-repeat":"repeat","background-position":"center center","background-size":"auto","background-attachment":"scroll","background-type":"","background-media":"","overlay-type":"","overlay-color":"","overlay-opacity":"","overlay-gradient":""},"tablet":{"background-color":"var(--ast-global-color-5)","background-image":"","background-repeat":"repeat","background-position":"center center","background-size":"auto","background-attachment":"scroll","background-type":"","background-media":"","overlay-type":"","overlay-color":"","overlay-opacity":"","overlay-gradient":""},"mobile":{"background-color":"var(--ast-global-color-5)","background-image":"","background-repeat":"repeat","background-position":"center center","background-size":"auto","background-attachment":"scroll","background-type":"","background-media":"","overlay-type":"","overlay-color":"","overlay-opacity":"","overlay-gradient":""}},"footnotes":""},"class_list":["post-92","page","type-page","status-publish","hentry"],"_links":{"self":[{"href":"https:\/\/cliente.rezeta.com.br\/pgr\/wp-json\/wp\/v2\/pages\/92","targetHints":{"allow":["GET"]}}],"collection":[{"href":"https:\/\/cliente.rezeta.com.br\/pgr\/wp-json\/wp\/v2\/pages"}],"about":[{"href":"https:\/\/cliente.rezeta.com.br\/pgr\/wp-json\/wp\/v2\/types\/page"}],"author":[{"embeddable":true,"href":"https:\/\/cliente.rezeta.com.br\/pgr\/wp-json\/wp\/v2\/users\/1"}],"replies":[{"embeddable":true,"href":"https:\/\/cliente.rezeta.com.br\/pgr\/wp-json\/wp\/v2\/comments?post=92"}],"version-history":[{"count":40,"href":"https:\/\/cliente.rezeta.com.br\/pgr\/wp-json\/wp\/v2\/pages\/92\/revisions"}],"predecessor-version":[{"id":1460,"href":"https:\/\/cliente.rezeta.com.br\/pgr\/wp-json\/wp\/v2\/pages\/92\/revisions\/1460"}],"wp:attachment":[{"href":"https:\/\/cliente.rezeta.com.br\/pgr\/wp-json\/wp\/v2\/media?parent=92"}],"curies":[{"name":"wp","href":"https:\/\/api.w.org\/{rel}","templated":true}]}}