{"id":16,"date":"2025-06-24T13:18:35","date_gmt":"2025-06-24T13:18:35","guid":{"rendered":"https:\/\/cliente.rezeta.com.br\/unico\/about\/"},"modified":"2025-08-20T17:28:49","modified_gmt":"2025-08-20T17:28:49","slug":"quem-somos","status":"publish","type":"page","link":"https:\/\/cliente.rezeta.com.br\/unico\/quem-somos\/","title":{"rendered":"Quem Somos"},"content":{"rendered":"\t\t<div data-elementor-type=\"wp-page\" data-elementor-id=\"16\" class=\"elementor elementor-16\">\n\t\t\t\t<div class=\"elementor-element elementor-element-5ef7019 elementor-hidden-desktop elementor-hidden-tablet elementor-hidden-mobile e-flex e-con-boxed e-con e-parent\" data-id=\"5ef7019\" data-element_type=\"container\" data-e-type=\"container\" data-settings=\"{&quot;background_background&quot;:&quot;classic&quot;}\">\n\t\t\t\t\t<div class=\"e-con-inner\">\n\t\t\t\t<div class=\"elementor-element elementor-element-5810600 elementor-widget elementor-widget-heading\" data-id=\"5810600\" data-element_type=\"widget\" data-e-type=\"widget\" data-widget_type=\"heading.default\">\n\t\t\t\t<div class=\"elementor-widget-container\">\n\t\t\t\t\t<h1 class=\"elementor-heading-title elementor-size-default\">Porque <br>Somos \u00danico!<\/h1>\t\t\t\t<\/div>\n\t\t\t\t<\/div>\n\t\t\t\t\t<\/div>\n\t\t\t\t<\/div>\n\t\t<div class=\"elementor-element elementor-element-44b6349 e-flex e-con-boxed e-con e-parent\" data-id=\"44b6349\" data-element_type=\"container\" data-e-type=\"container\">\n\t\t\t\t\t<div class=\"e-con-inner\">\n\t\t<div class=\"elementor-element elementor-element-c7c4c4a e-con-full e-flex e-con e-child\" data-id=\"c7c4c4a\" data-element_type=\"container\" data-e-type=\"container\">\n\t\t<div class=\"elementor-element elementor-element-2c1474f e-con-full e-flex e-con e-child\" data-id=\"2c1474f\" data-element_type=\"container\" data-e-type=\"container\">\n\t\t\t\t<div class=\"elementor-element elementor-element-e0169be elementor-widget elementor-widget-image\" data-id=\"e0169be\" data-element_type=\"widget\" data-e-type=\"widget\" data-widget_type=\"image.default\">\n\t\t\t\t<div class=\"elementor-widget-container\">\n\t\t\t\t\t\t\t\t\t\t\t\t\t\t\t<img fetchpriority=\"high\" decoding=\"async\" width=\"1600\" height=\"2400\" src=\"https:\/\/cliente.rezeta.com.br\/unico\/wp-content\/uploads\/2025\/06\/TANIA-QUEM-SOMOS-DSCF4103-scaled-1.webp\" class=\"attachment-full size-full wp-image-1128\" alt=\"\" srcset=\"https:\/\/cliente.rezeta.com.br\/unico\/wp-content\/uploads\/2025\/06\/TANIA-QUEM-SOMOS-DSCF4103-scaled-1.webp 1600w, https:\/\/cliente.rezeta.com.br\/unico\/wp-content\/uploads\/2025\/06\/TANIA-QUEM-SOMOS-DSCF4103-scaled-1-200x300.webp 200w, https:\/\/cliente.rezeta.com.br\/unico\/wp-content\/uploads\/2025\/06\/TANIA-QUEM-SOMOS-DSCF4103-scaled-1-683x1024.webp 683w, https:\/\/cliente.rezeta.com.br\/unico\/wp-content\/uploads\/2025\/06\/TANIA-QUEM-SOMOS-DSCF4103-scaled-1-768x1152.webp 768w, https:\/\/cliente.rezeta.com.br\/unico\/wp-content\/uploads\/2025\/06\/TANIA-QUEM-SOMOS-DSCF4103-scaled-1-1024x1536.webp 1024w, https:\/\/cliente.rezeta.com.br\/unico\/wp-content\/uploads\/2025\/06\/TANIA-QUEM-SOMOS-DSCF4103-scaled-1-1365x2048.webp 1365w\" sizes=\"(max-width: 1600px) 100vw, 1600px\" \/>\t\t\t\t\t\t\t\t\t\t\t\t\t\t\t<\/div>\n\t\t\t\t<\/div>\n\t\t\t\t<\/div>\n\t\t<div class=\"elementor-element elementor-element-5ae1c26 e-con-full e-flex e-con e-child\" data-id=\"5ae1c26\" data-element_type=\"container\" data-e-type=\"container\">\n\t\t\t\t<div class=\"elementor-element elementor-element-120abac elementor-widget elementor-widget-heading\" data-id=\"120abac\" data-element_type=\"widget\" data-e-type=\"widget\" data-widget_type=\"heading.default\">\n\t\t\t\t<div class=\"elementor-widget-container\">\n\t\t\t\t\t<h2 class=\"elementor-heading-title elementor-size-default\">A hist\u00f3ria por tr\u00e1s do desodorante que conquistou todas as gera\u00e7\u00f5es.<\/h2>\t\t\t\t<\/div>\n\t\t\t\t<\/div>\n\t\t\t\t<div class=\"elementor-element elementor-element-a97b63f elementor-widget elementor-widget-text-editor\" data-id=\"a97b63f\" data-element_type=\"widget\" data-e-type=\"widget\" data-widget_type=\"text-editor.default\">\n\t\t\t\t<div class=\"elementor-widget-container\">\n\t\t\t\t\t\t\t\t\t<p><span style=\"font-weight: 400;\">Desde cedo, a maioria das pessoas usa desodorantes convencionais, muitas vezes por d\u00e9cadas, sem questionar seus impactos na sa\u00fade e no meio ambiente. Foi pensando nisso que nasceu o Desodorante \u00daNICO.<\/span><\/p>\t\t\t\t\t\t\t\t<\/div>\n\t\t\t\t<\/div>\n\t\t\t\t<div class=\"elementor-element elementor-element-463d0df elementor-widget elementor-widget-text-editor\" data-id=\"463d0df\" data-element_type=\"widget\" data-e-type=\"widget\" data-widget_type=\"text-editor.default\">\n\t\t\t\t<div class=\"elementor-widget-container\">\n\t\t\t\t\t\t\t\t\t<p><span style=\"font-weight: 400;\">Criado por Tania Tonezzer e sua filha, Luisa Tonezzer, o \u00daNICO \u00e9 fruto de um projeto familiar com prop\u00f3sito. A mente criativa e empreendedora de Luisa impulsionou a cria\u00e7\u00e3o de uma alternativa mais consciente, eficaz e alinhada aos novos tempos.<\/span><\/p>\t\t\t\t\t\t\t\t<\/div>\n\t\t\t\t<\/div>\n\t\t\t\t<div class=\"elementor-element elementor-element-b1a778b elementor-widget elementor-widget-text-editor\" data-id=\"b1a778b\" data-element_type=\"widget\" data-e-type=\"widget\" data-widget_type=\"text-editor.default\">\n\t\t\t\t<div class=\"elementor-widget-container\">\n\t\t\t\t\t\t\t\t\t<p><span style=\"font-weight: 400;\">\u201cSou movida por ideias que fazem a diferen\u00e7a hoje e no futuro do planeta. Acreditamos que \u00e9 poss\u00edvel consumir de forma mais simples, natural e respons\u00e1vel. Por isso, buscamos continuamente pr\u00e1ticas sustent\u00e1veis em todas as etapas da produ\u00e7\u00e3o do \u00daNICO &#8211; com respeito \u00e0 sa\u00fade, \u00e0 pele e ao meio ambiente.\u201d<\/span><\/p>\t\t\t\t\t\t\t\t<\/div>\n\t\t\t\t<\/div>\n\t\t\t\t<div class=\"elementor-element elementor-element-3a2da19 elementor-widget elementor-widget-heading\" data-id=\"3a2da19\" data-element_type=\"widget\" data-e-type=\"widget\" data-widget_type=\"heading.default\">\n\t\t\t\t<div class=\"elementor-widget-container\">\n\t\t\t\t\t<h2 class=\"elementor-heading-title elementor-size-default\">Tania  &amp;  Luisa Tonezzer<\/h2>\t\t\t\t<\/div>\n\t\t\t\t<\/div>\n\t\t\t\t<div class=\"elementor-element elementor-element-f39d39e elementor-widget elementor-widget-heading\" data-id=\"f39d39e\" data-element_type=\"widget\" data-e-type=\"widget\" data-widget_type=\"heading.default\">\n\t\t\t\t<div class=\"elementor-widget-container\">\n\t\t\t\t\t<h2 class=\"elementor-heading-title elementor-size-default\"> Fundadoras do Desodorante \u00daNICO<\/h2>\t\t\t\t<\/div>\n\t\t\t\t<\/div>\n\t\t\t\t<\/div>\n\t\t\t\t<\/div>\n\t\t\t\t\t<\/div>\n\t\t\t\t<\/div>\n\t\t<div class=\"elementor-element elementor-element-8ab98d8 e-flex e-con-boxed e-con e-parent\" data-id=\"8ab98d8\" data-element_type=\"container\" data-e-type=\"container\" data-settings=\"{&quot;background_background&quot;:&quot;classic&quot;}\">\n\t\t\t\t\t<div class=\"e-con-inner\">\n\t\t\t\t\t<\/div>\n\t\t\t\t<\/div>\n\t\t<div class=\"elementor-element elementor-element-4ba6264 e-flex e-con-boxed e-con e-parent\" data-id=\"4ba6264\" data-element_type=\"container\" data-e-type=\"container\">\n\t\t\t\t\t<div class=\"e-con-inner\">\n\t\t\t\t<div class=\"elementor-element elementor-element-a00fddf elementor-widget elementor-widget-heading\" data-id=\"a00fddf\" data-element_type=\"widget\" data-e-type=\"widget\" data-widget_type=\"heading.default\">\n\t\t\t\t<div class=\"elementor-widget-container\">\n\t\t\t\t\t<h2 class=\"elementor-heading-title elementor-size-default\">As criadoras do \u00danico<\/h2>\t\t\t\t<\/div>\n\t\t\t\t<\/div>\n\t\t\t\t\t<\/div>\n\t\t\t\t<\/div>\n\t\t<div class=\"elementor-element elementor-element-907eebe e-flex e-con-boxed e-con e-parent\" data-id=\"907eebe\" data-element_type=\"container\" data-e-type=\"container\">\n\t\t\t\t\t<div class=\"e-con-inner\">\n\t\t<div class=\"elementor-element elementor-element-0b7cbde e-con-full e-flex e-con e-child\" data-id=\"0b7cbde\" data-element_type=\"container\" data-e-type=\"container\">\n\t\t\t\t<div class=\"elementor-element elementor-element-0373e4c elementor-widget elementor-widget-image\" data-id=\"0373e4c\" data-element_type=\"widget\" data-e-type=\"widget\" data-widget_type=\"image.default\">\n\t\t\t\t<div class=\"elementor-widget-container\">\n\t\t\t\t\t\t\t\t\t\t\t\t\t\t\t<img decoding=\"async\" width=\"1024\" height=\"1024\" data-src=\"https:\/\/cliente.rezeta.com.br\/unico\/wp-content\/uploads\/2025\/06\/tania-unico-desodorante-1024x1024-1.webp\" class=\"attachment-full size-full wp-image-1137 lazyload\" alt=\"\" data-srcset=\"https:\/\/cliente.rezeta.com.br\/unico\/wp-content\/uploads\/2025\/06\/tania-unico-desodorante-1024x1024-1.webp 1024w, https:\/\/cliente.rezeta.com.br\/unico\/wp-content\/uploads\/2025\/06\/tania-unico-desodorante-1024x1024-1-300x300.webp 300w, https:\/\/cliente.rezeta.com.br\/unico\/wp-content\/uploads\/2025\/06\/tania-unico-desodorante-1024x1024-1-150x150.webp 150w, https:\/\/cliente.rezeta.com.br\/unico\/wp-content\/uploads\/2025\/06\/tania-unico-desodorante-1024x1024-1-768x768.webp 768w\" data-sizes=\"(max-width: 1024px) 100vw, 1024px\" src=\"data:image\/svg+xml;base64,PHN2ZyB3aWR0aD0iMSIgaGVpZ2h0PSIxIiB4bWxucz0iaHR0cDovL3d3dy53My5vcmcvMjAwMC9zdmciPjwvc3ZnPg==\" style=\"--smush-placeholder-width: 1024px; --smush-placeholder-aspect-ratio: 1024\/1024;\" \/>\t\t\t\t\t\t\t\t\t\t\t\t\t\t\t<\/div>\n\t\t\t\t<\/div>\n\t\t\t\t<\/div>\n\t\t<div class=\"elementor-element elementor-element-a631947 e-con-full e-flex e-con e-child\" data-id=\"a631947\" data-element_type=\"container\" data-e-type=\"container\">\n\t\t\t\t<div class=\"elementor-element elementor-element-fc08a90 elementor-widget elementor-widget-text-editor\" data-id=\"fc08a90\" data-element_type=\"widget\" data-e-type=\"widget\" data-widget_type=\"text-editor.default\">\n\t\t\t\t<div class=\"elementor-widget-container\">\n\t\t\t\t\t\t\t\t\t<p><b>Tania, fundadora do \u00danico, carrega no corpo e na trajet\u00f3ria a for\u00e7a do prop\u00f3sito.<\/b><b><br \/><\/b><\/p>\t\t\t\t\t\t\t\t<\/div>\n\t\t\t\t<\/div>\n\t\t\t\t<div class=\"elementor-element elementor-element-4f65cdb elementor-widget elementor-widget-text-editor\" data-id=\"4f65cdb\" data-element_type=\"widget\" data-e-type=\"widget\" data-widget_type=\"text-editor.default\">\n\t\t\t\t<div class=\"elementor-widget-container\">\n\t\t\t\t\t\t\t\t\t<p><span style=\"font-weight: 400;\">Fisioterapeuta especializada em oncologia, linfoterapia e prescri\u00e7\u00e3o de exerc\u00edcios f\u00edsicos, Tania trouxe sua experi\u00eancia cl\u00ednica para o universo da cosm\u00e9tica natural. Seu olhar atento \u00e0 preven\u00e7\u00e3o, \u00e0 promo\u00e7\u00e3o da sa\u00fade e \u00e0s mudan\u00e7as de estilo de vida a motivou a criar a \u00danico &#8211; uma marca desenvolvida com base cient\u00edfica, feita com ingredientes 100% naturais e formulada para ser, acima de tudo, eficaz. Cada detalhe do produto reflete o compromisso com o cuidado integral e consciente.<\/span><\/p>\t\t\t\t\t\t\t\t<\/div>\n\t\t\t\t<\/div>\n\t\t\t\t<div class=\"elementor-element elementor-element-2f9fade elementor-widget elementor-widget-text-editor\" data-id=\"2f9fade\" data-element_type=\"widget\" data-e-type=\"widget\" data-widget_type=\"text-editor.default\">\n\t\t\t\t<div class=\"elementor-widget-container\">\n\t\t\t\t\t\t\t\t\t<p><span style=\"font-weight: 400;\">Em 2004, Tania enfrentou um dos momentos mais desafiadores de sua vida ao ser diagnosticada com c\u00e2ncer de mama. Passou por diversos tratamentos agressivos e restritivos, e foi justamente nesse per\u00edodo que come\u00e7ou a repensar seus h\u00e1bitos e a buscar alternativas mais naturais para os produtos de uso di\u00e1rio, como cremes e desodorantes.<\/span><\/p><p><span style=\"font-weight: 400;\">Essa jornada pessoal e profissional se transformou em prop\u00f3sito: oferecer solu\u00e7\u00f5es que respeitam o corpo, a sa\u00fade e o meio ambiente.<\/span><\/p>\t\t\t\t\t\t\t\t<\/div>\n\t\t\t\t<\/div>\n\t\t\t\t<\/div>\n\t\t\t\t\t<\/div>\n\t\t\t\t<\/div>\n\t\t<div class=\"elementor-element elementor-element-da13676 e-flex e-con-boxed e-con e-parent\" data-id=\"da13676\" data-element_type=\"container\" data-e-type=\"container\">\n\t\t\t\t\t<div class=\"e-con-inner\">\n\t\t<div class=\"elementor-element elementor-element-c92cd6d e-con-full e-flex e-con e-child\" data-id=\"c92cd6d\" data-element_type=\"container\" data-e-type=\"container\">\n\t\t\t\t<div class=\"elementor-element elementor-element-1077900 elementor-widget elementor-widget-image\" data-id=\"1077900\" data-element_type=\"widget\" data-e-type=\"widget\" data-widget_type=\"image.default\">\n\t\t\t\t<div class=\"elementor-widget-container\">\n\t\t\t\t\t\t\t\t\t\t\t\t\t\t\t<img decoding=\"async\" width=\"1024\" height=\"1024\" data-src=\"https:\/\/cliente.rezeta.com.br\/unico\/wp-content\/uploads\/2025\/06\/luiza_unico_desodorante-1024x1024-1.webp\" class=\"attachment-full size-full wp-image-1138 lazyload\" alt=\"\" data-srcset=\"https:\/\/cliente.rezeta.com.br\/unico\/wp-content\/uploads\/2025\/06\/luiza_unico_desodorante-1024x1024-1.webp 1024w, https:\/\/cliente.rezeta.com.br\/unico\/wp-content\/uploads\/2025\/06\/luiza_unico_desodorante-1024x1024-1-300x300.webp 300w, https:\/\/cliente.rezeta.com.br\/unico\/wp-content\/uploads\/2025\/06\/luiza_unico_desodorante-1024x1024-1-150x150.webp 150w, https:\/\/cliente.rezeta.com.br\/unico\/wp-content\/uploads\/2025\/06\/luiza_unico_desodorante-1024x1024-1-768x768.webp 768w\" data-sizes=\"(max-width: 1024px) 100vw, 1024px\" src=\"data:image\/svg+xml;base64,PHN2ZyB3aWR0aD0iMSIgaGVpZ2h0PSIxIiB4bWxucz0iaHR0cDovL3d3dy53My5vcmcvMjAwMC9zdmciPjwvc3ZnPg==\" style=\"--smush-placeholder-width: 1024px; --smush-placeholder-aspect-ratio: 1024\/1024;\" \/>\t\t\t\t\t\t\t\t\t\t\t\t\t\t\t<\/div>\n\t\t\t\t<\/div>\n\t\t\t\t<\/div>\n\t\t<div class=\"elementor-element elementor-element-c703b23 e-con-full e-flex e-con e-child\" data-id=\"c703b23\" data-element_type=\"container\" data-e-type=\"container\">\n\t\t\t\t<div class=\"elementor-element elementor-element-61d9bea elementor-widget elementor-widget-text-editor\" data-id=\"61d9bea\" data-element_type=\"widget\" data-e-type=\"widget\" data-widget_type=\"text-editor.default\">\n\t\t\t\t<div class=\"elementor-widget-container\">\n\t\t\t\t\t\t\t\t\t<p><b>Luisa, co-fundadora do \u00danico, une cria\u00e7\u00e3o e consci\u00eancia em tudo o que faz.<br \/><\/b><\/p>\t\t\t\t\t\t\t\t<\/div>\n\t\t\t\t<\/div>\n\t\t\t\t<div class=\"elementor-element elementor-element-a15115f elementor-widget elementor-widget-text-editor\" data-id=\"a15115f\" data-element_type=\"widget\" data-e-type=\"widget\" data-widget_type=\"text-editor.default\">\n\t\t\t\t<div class=\"elementor-widget-container\">\n\t\t\t\t\t\t\t\t\t<p><span style=\"font-weight: 400;\">Formada em Moda, sempre teve uma conex\u00e3o profunda com a natureza &#8211; o que a levou a cocriar o \u00danico e tamb\u00e9m a se dedicar ao turismo rural em Bragan\u00e7a Paulista.<\/span><\/p><p><span style=\"font-weight: 400;\">Com uma mente inquieta e empreendedora, Luisa acredita no poder de ideias que impactam positivamente o presente e o futuro do planeta.\u00a0<\/span><\/p><p><span style=\"font-weight: 400;\">\u201cNosso compromisso \u00e9 com um consumo mais simples, natural e consciente. No \u00danico, buscamos reduzir o impacto ambiental em todas as etapas de produ\u00e7\u00e3o, usando mat\u00e9rias-primas de forma respons\u00e1vel e evitando desperd\u00edcios sempre que poss\u00edvel.\u201d<\/span><\/p>\t\t\t\t\t\t\t\t<\/div>\n\t\t\t\t<\/div>\n\t\t\t\t<\/div>\n\t\t\t\t\t<\/div>\n\t\t\t\t<\/div>\n\t\t<div class=\"elementor-element elementor-element-5426fa9 e-flex e-con-boxed e-con e-parent\" data-id=\"5426fa9\" data-element_type=\"container\" data-e-type=\"container\" data-settings=\"{&quot;background_background&quot;:&quot;classic&quot;}\">\n\t\t\t\t\t<div class=\"e-con-inner\">\n\t\t<div class=\"elementor-element elementor-element-c208a79 e-con-full e-flex e-con e-child\" data-id=\"c208a79\" data-element_type=\"container\" data-e-type=\"container\">\n\t\t\t\t<div class=\"elementor-element elementor-element-d5177a1 elementor-widget elementor-widget-heading\" data-id=\"d5177a1\" data-element_type=\"widget\" data-e-type=\"widget\" data-widget_type=\"heading.default\">\n\t\t\t\t<div class=\"elementor-widget-container\">\n\t\t\t\t\t<h2 class=\"elementor-heading-title elementor-size-default\">Conhe\u00e7a nossa loja!<\/h2>\t\t\t\t<\/div>\n\t\t\t\t<\/div>\n\t\t\t\t<div class=\"elementor-element elementor-element-a98f4a6 elementor-widget elementor-widget-button\" data-id=\"a98f4a6\" data-element_type=\"widget\" data-e-type=\"widget\" data-widget_type=\"button.default\">\n\t\t\t\t<div class=\"elementor-widget-container\">\n\t\t\t\t\t\t\t\t\t<div class=\"elementor-button-wrapper\">\n\t\t\t\t\t<a class=\"elementor-button elementor-button-link elementor-size-sm\" href=\"#\">\n\t\t\t\t\t\t<span class=\"elementor-button-content-wrapper\">\n\t\t\t\t\t\t\t\t\t<span class=\"elementor-button-text\">Acessar loja<\/span>\n\t\t\t\t\t<\/span>\n\t\t\t\t\t<\/a>\n\t\t\t\t<\/div>\n\t\t\t\t\t\t\t\t<\/div>\n\t\t\t\t<\/div>\n\t\t\t\t<\/div>\n\t\t\t\t\t<\/div>\n\t\t\t\t<\/div>\n\t\t\t\t<\/div>\n\t\t","protected":false},"excerpt":{"rendered":"<p>Porque Somos \u00danico! A hist\u00f3ria por tr\u00e1s do desodorante que conquistou todas as gera\u00e7\u00f5es. Desde cedo, a maioria das pessoas [&hellip;]<\/p>\n","protected":false},"author":1,"featured_media":0,"parent":0,"menu_order":0,"comment_status":"closed","ping_status":"closed","template":"","meta":{"_acf_changed":false,"site-sidebar-layout":"no-sidebar","site-content-layout":"","ast-site-content-layout":"full-width-container","site-content-style":"unboxed","site-sidebar-style":"unboxed","ast-global-header-display":"","ast-banner-title-visibility":"","ast-main-header-display":"","ast-hfb-above-header-display":"","ast-hfb-below-header-display":"","ast-hfb-mobile-header-display":"","site-post-title":"","ast-breadcrumbs-content":"","ast-featured-img":"disabled","footer-sml-layout":"","ast-disable-related-posts":"","theme-transparent-header-meta":"disabled","adv-header-id-meta":"","stick-header-meta":"default","header-above-stick-meta":"","header-main-stick-meta":"","header-below-stick-meta":"","astra-migrate-meta-layouts":"set","ast-page-background-enabled":"default","ast-page-background-meta":{"desktop":{"background-color":"var(--ast-global-color-4)","background-image":"","background-repeat":"repeat","background-position":"center center","background-size":"auto","background-attachment":"scroll","background-type":"","background-media":"","overlay-type":"","overlay-color":"","overlay-opacity":"","overlay-gradient":""},"tablet":{"background-color":"","background-image":"","background-repeat":"repeat","background-position":"center center","background-size":"auto","background-attachment":"scroll","background-type":"","background-media":"","overlay-type":"","overlay-color":"","overlay-opacity":"","overlay-gradient":""},"mobile":{"background-color":"","background-image":"","background-repeat":"repeat","background-position":"center center","background-size":"auto","background-attachment":"scroll","background-type":"","background-media":"","overlay-type":"","overlay-color":"","overlay-opacity":"","overlay-gradient":""}},"ast-content-background-meta":{"desktop":{"background-color":"var(--ast-global-color-5)","background-image":"","background-repeat":"repeat","background-position":"center center","background-size":"auto","background-attachment":"scroll","background-type":"","background-media":"","overlay-type":"","overlay-color":"","overlay-opacity":"","overlay-gradient":""},"tablet":{"background-color":"var(--ast-global-color-5)","background-image":"","background-repeat":"repeat","background-position":"center center","background-size":"auto","background-attachment":"scroll","background-type":"","background-media":"","overlay-type":"","overlay-color":"","overlay-opacity":"","overlay-gradient":""},"mobile":{"background-color":"var(--ast-global-color-5)","background-image":"","background-repeat":"repeat","background-position":"center center","background-size":"auto","background-attachment":"scroll","background-type":"","background-media":"","overlay-type":"","overlay-color":"","overlay-opacity":"","overlay-gradient":""}},"footnotes":""},"class_list":["post-16","page","type-page","status-publish","hentry"],"acf":[],"_links":{"self":[{"href":"https:\/\/cliente.rezeta.com.br\/unico\/wp-json\/wp\/v2\/pages\/16","targetHints":{"allow":["GET"]}}],"collection":[{"href":"https:\/\/cliente.rezeta.com.br\/unico\/wp-json\/wp\/v2\/pages"}],"about":[{"href":"https:\/\/cliente.rezeta.com.br\/unico\/wp-json\/wp\/v2\/types\/page"}],"author":[{"embeddable":true,"href":"https:\/\/cliente.rezeta.com.br\/unico\/wp-json\/wp\/v2\/users\/1"}],"replies":[{"embeddable":true,"href":"https:\/\/cliente.rezeta.com.br\/unico\/wp-json\/wp\/v2\/comments?post=16"}],"version-history":[{"count":47,"href":"https:\/\/cliente.rezeta.com.br\/unico\/wp-json\/wp\/v2\/pages\/16\/revisions"}],"predecessor-version":[{"id":3868,"href":"https:\/\/cliente.rezeta.com.br\/unico\/wp-json\/wp\/v2\/pages\/16\/revisions\/3868"}],"wp:attachment":[{"href":"https:\/\/cliente.rezeta.com.br\/unico\/wp-json\/wp\/v2\/media?parent=16"}],"curies":[{"name":"wp","href":"https:\/\/api.w.org\/{rel}","templated":true}]}}