{"id":3831,"date":"2025-08-18T17:53:54","date_gmt":"2025-08-18T17:53:54","guid":{"rendered":"https:\/\/cliente.rezeta.com.br\/unico\/?page_id=3831"},"modified":"2025-08-18T17:55:04","modified_gmt":"2025-08-18T17:55:04","slug":"faq","status":"publish","type":"page","link":"https:\/\/cliente.rezeta.com.br\/unico\/faq\/","title":{"rendered":"FAQ"},"content":{"rendered":"\t\t<div data-elementor-type=\"wp-page\" data-elementor-id=\"3831\" class=\"elementor elementor-3831\">\n\t\t\t\t<div class=\"elementor-element elementor-element-27d2345 e-flex e-con-boxed e-con e-parent\" data-id=\"27d2345\" data-element_type=\"container\" data-e-type=\"container\" data-settings=\"{&quot;background_background&quot;:&quot;classic&quot;}\">\n\t\t\t\t\t<div class=\"e-con-inner\">\n\t\t\t\t<div class=\"elementor-element elementor-element-ab4804b elementor-widget elementor-widget-heading\" data-id=\"ab4804b\" data-element_type=\"widget\" data-e-type=\"widget\" data-widget_type=\"heading.default\">\n\t\t\t\t<div class=\"elementor-widget-container\">\n\t\t\t\t\t<h1 class=\"elementor-heading-title elementor-size-default\">FAQ<\/h1>\t\t\t\t<\/div>\n\t\t\t\t<\/div>\n\t\t\t\t\t<\/div>\n\t\t\t\t<\/div>\n\t\t<div class=\"elementor-element elementor-element-b2c02a2 e-flex e-con-boxed e-con e-parent\" data-id=\"b2c02a2\" data-element_type=\"container\" data-e-type=\"container\" data-settings=\"{&quot;background_background&quot;:&quot;classic&quot;}\">\n\t\t\t\t\t<div class=\"e-con-inner\">\n\t\t<div class=\"elementor-element elementor-element-c4e4ead e-grid e-con-full e-con e-child\" data-id=\"c4e4ead\" data-element_type=\"container\" data-e-type=\"container\">\n\t\t\t\t<div class=\"elementor-element elementor-element-889a8bf elementor-widget elementor-widget-html\" data-id=\"889a8bf\" data-element_type=\"widget\" data-e-type=\"widget\" data-widget_type=\"html.default\">\n\t\t\t\t<div class=\"elementor-widget-container\">\n\t\t\t\t\t<div class=\"faq-revendedores\">\r\n<style>\r\n.faq-revendedores details {\r\n  border: 1px solid #ccc;\r\n  margin-bottom: 8px;\r\n  border-radius: 4px;\r\n  overflow: hidden;\r\n  font-family: Arial, sans-serif;\r\n}\r\n\r\n.faq-revendedores summary {\r\n  cursor: pointer;\r\n  padding: 12px 16px;\r\n  background-color: #dceedd;\r\n  font-weight: bold;\r\n  position: relative;\r\n  list-style: none;\r\n  padding: 10px 30px;\r\n}\r\n.faq-revendedores p strong:first-child {\r\n  font-size: 16px;\r\n  color: #2e7d32;\r\n  padding: 10px 0 20px 0;\r\n}\r\n\r\n.faq-revendedores details[open] summary {\r\n  background-color: #5ca66d;\r\n  color: white;\r\n}\r\n\r\n.faq-revendedores summary::before {\r\n  content: \"+\";\r\n  font-weight: bold;\r\n  position: absolute;\r\n  left: 10px;\r\n  color: #333;\r\n}\r\n\r\n.faq-revendedores details[open] summary::before {\r\n  content: \"\u2013\";\r\n  color: white;\r\n}\r\n\r\n.faq-revendedores summary::-webkit-details-marker {\r\n  display: none;\r\n}\r\n\r\n.faq-revendedores p {\r\n  padding: 8px 16px;\r\n  margin: 0;\r\n  border-top: 1px solid #eee;\r\n  background: #fff;\r\n  font-size: 14px;\r\n  color: #333;\r\n}\r\n\r\n.faq-revendedores p strong {\r\n  font-weight: 600;\r\n}\r\n<\/style>\r\n\r\n<details>\r\n  <summary><strong>Como o \u00danico funciona?<\/strong><\/summary>\r\n  <p><\/p>\r\n<\/details>\r\n\r\n<details>\r\n  <summary><strong>Como come\u00e7ar a usar desodorante natural?<\/strong><\/summary>\r\n  <p><\/p>\r\n<\/details>\r\n\r\n<details>\r\n  <summary><strong>J\u00e1 testei desodorantes naturais e n\u00e3o funcionam para mim. O que fazer?<\/strong><\/summary>\r\n  <p>Pode levar algumas semanas para que o desodorante natural funcione para voc\u00ea. A maioria das pessoas experimentam um per\u00edodo de estabiliza\u00e7\u00e3o enquanto o corpo se ajusta para poder transpirar naturalmente. Se voc\u00ea usa antitranspirantes h\u00e1 bastante tempo, pode ser que o alum\u00ednio ainda esteja deixando seus poros. Os cheiros de suor tamb\u00e9m podem diferir de acordo com a dieta, pH da pele, consumo de \u00e1lcool, estresse ou medica\u00e7\u00f5es. Por isso, tenha paci\u00eancia nessa transi\u00e7\u00e3o e tenha certeza de que seu corpo se beneficiar\u00e1 muito com essa mudan\u00e7a!<\/p>\r\n<\/details>\r\n\r\n<details>\r\n  <summary><strong>Tenho pele sens\u00edvel, posso usar o \u00danico?<\/strong><\/summary>\r\n  <p>O \u00danico \u00e9 100% natural e recomendado para peles mais sens\u00edveis. Por\u00e9m, voc\u00ea pode fazer um teste de contato antes de aplicar nas axilas: aplique um pouco do produto no pulso ou nas m\u00e3os e aguarde por um dia para ter certeza de que n\u00e3o ter\u00e1 nenhuma rea\u00e7\u00e3o. Tamb\u00e9m recomendamos n\u00e3o usar mais do que a quantidade recomendada - o excesso de qualquer produto pode causar irrita\u00e7\u00e3o. Nossa f\u00f3rmula foi testada com todos os ingredientes na propor\u00e7\u00e3o correta para proteger suas axilas do odor.<\/p>\r\n<\/details>\r\n\r\n<details>\r\n  <summary><strong>Qual a quantidade certa de desodorante que devo aplicar?<\/strong><\/summary>\r\n  <p>Use apenas meia esp\u00e1tula em cada axila, e caso sinta necessidade, reaplique ap\u00f3s algumas horas.<\/p>\r\n<\/details>\r\n\r\n<details>\r\n  <summary><strong>Qual a durabilidade comparada a um desodorante convencional?<\/strong><\/summary>\r\n  <p><\/p>\r\n<\/details>\r\n\r\n<details>\r\n  <summary><strong>Onde posso comprar?<\/strong><\/summary>\r\n  <p><\/p>\r\n<\/details>\r\n\r\n<details>\r\n  <summary><strong>O desodorante natural deixa a axila branca depois que seca na pele?<\/strong><\/summary>\r\n  <p><\/p>\r\n<\/details>\r\n\r\n<details>\r\n  <summary><strong>Passar o desodorante com os dedos me incomoda.<\/strong><\/summary>\r\n  <p>O \u00danico vem com uma pequena pazinha para facilitar. Por nossa f\u00f3rmula ser em creme, garantimos uma cobertura incr\u00edvel. Voc\u00ea vai ver que passar com as m\u00e3os n\u00e3o ser\u00e1 um problema comparado \u00e0 efici\u00eancia dos nossos produtos.<\/p>\r\n<\/details>\r\n\r\n<details>\r\n  <summary><strong>O meu \u00danico est\u00e1 duro, o que eu fa\u00e7o?<\/strong><\/summary>\r\n  <p>Quando come\u00e7a o inverno, \u00e0s vezes o creme fica realmente mais durinho. Indicamos que esfregue entre os dedos para amolecer um pouco antes de aplicar nas axilas.<\/p>\r\n<\/details>\r\n\r\n<details>\r\n  <summary><strong>Pode ser usado em crian\u00e7as?<\/strong><\/summary>\r\n  <p>Sim! Nossos desodorantes s\u00e3o 100% naturais, livres de alum\u00ednio e parabenos. \u00c9 super recomendado para a inser\u00e7\u00e3o de desodorante para crian\u00e7as e adolescentes, j\u00e1 que combate o odor sem nenhum componente prejudicial \u00e0 sa\u00fade, sem bloquear a transpira\u00e7\u00e3o natural como os antitranspirantes.<\/p>\r\n<\/details>\r\n\r\n<details>\r\n  <summary><strong>O desodorante me deu alergia e precisei suspender o uso.<\/strong><\/summary>\r\n  <p>Nosso produto \u00e9 dermatologicamente testado e aprovado pela Anvisa.<\/p>\r\n<\/details>\r\n\r\n<details>\r\n  <summary><strong>O desodorante natural mancha a roupa?<\/strong><\/summary>\r\n  <p>Nossa f\u00f3rmula \u00e9 100% absorvida pela pele e n\u00e3o cont\u00e9m ingredientes que causam manchas em nenhuma cor de roupa.<\/p>\r\n<\/details>\r\n\r\n<details>\r\n  <summary><strong>Qual a fragr\u00e2ncia mais vendida? E a mais suave? E a mais forte?<\/strong><\/summary>\r\n  <p><\/p>\r\n<\/details>\r\n\r\n<details>\r\n  <summary><strong>N\u00e3o tem a op\u00e7\u00e3o roll-on?<\/strong><\/summary>\r\n  <p><\/p>\r\n<\/details>\r\n\r\n<details>\r\n  <summary><strong>Possui algum ingrediente derivado do leite?<\/strong><\/summary>\r\n  <p>N\u00e3o. O \u00danico pode ser considerado vegano e n\u00e3o cont\u00e9m nenhum derivado animal.<\/p>\r\n<\/details>\r\n\r\n<details>\r\n  <summary><strong>O que s\u00e3o os antitranspirantes?<\/strong><\/summary>\r\n  <p>Os antitranspirantes funcionam bloqueando o suor. Eles fazem isso entrando pelos poros e inchando as gl\u00e2ndulas para formar uma barreira. Se o suor n\u00e3o consegue escapar, as bact\u00e9rias n\u00e3o entram em contato com ele. O suor em si \u00e9 inodoro, mas quando as bact\u00e9rias entram em contato com o suor, causam o odor. Os desodorantes funcionam matando as bact\u00e9rias que vivem na pele. Ao erradicar as bact\u00e9rias, o suor n\u00e3o tem nada para interagir, e nenhum odor \u00e9 produzido.<\/p>\r\n<\/details>\r\n\r\n<\/div>\r\n\t\t\t\t<\/div>\n\t\t\t\t<\/div>\n\t\t\t\t<\/div>\n\t\t\t\t\t<\/div>\n\t\t\t\t<\/div>\n\t\t<div class=\"elementor-element elementor-element-c7c2578 e-flex e-con-boxed e-con e-parent\" data-id=\"c7c2578\" data-element_type=\"container\" data-e-type=\"container\" data-settings=\"{&quot;background_background&quot;:&quot;classic&quot;}\">\n\t\t\t\t\t<div class=\"e-con-inner\">\n\t\t<div class=\"elementor-element elementor-element-ffd3d1f e-con-full e-flex e-con e-child\" data-id=\"ffd3d1f\" data-element_type=\"container\" data-e-type=\"container\">\n\t\t\t\t<div class=\"elementor-element elementor-element-6677f8b elementor-widget elementor-widget-heading\" data-id=\"6677f8b\" data-element_type=\"widget\" data-e-type=\"widget\" data-widget_type=\"heading.default\">\n\t\t\t\t<div class=\"elementor-widget-container\">\n\t\t\t\t\t<h2 class=\"elementor-heading-title elementor-size-default\">Conhe\u00e7a nossa loja!<\/h2>\t\t\t\t<\/div>\n\t\t\t\t<\/div>\n\t\t\t\t<div class=\"elementor-element elementor-element-2ab0216 elementor-widget elementor-widget-button\" data-id=\"2ab0216\" data-element_type=\"widget\" data-e-type=\"widget\" data-widget_type=\"button.default\">\n\t\t\t\t<div class=\"elementor-widget-container\">\n\t\t\t\t\t\t\t\t\t<div class=\"elementor-button-wrapper\">\n\t\t\t\t\t<a class=\"elementor-button elementor-button-link elementor-size-sm\" href=\"#\">\n\t\t\t\t\t\t<span class=\"elementor-button-content-wrapper\">\n\t\t\t\t\t\t\t\t\t<span class=\"elementor-button-text\">Acessar loja<\/span>\n\t\t\t\t\t<\/span>\n\t\t\t\t\t<\/a>\n\t\t\t\t<\/div>\n\t\t\t\t\t\t\t\t<\/div>\n\t\t\t\t<\/div>\n\t\t\t\t<\/div>\n\t\t\t\t\t<\/div>\n\t\t\t\t<\/div>\n\t\t\t\t<\/div>\n\t\t","protected":false},"excerpt":{"rendered":"<p>FAQ Como o \u00danico funciona? Como come\u00e7ar a usar desodorante natural? J\u00e1 testei desodorantes naturais e n\u00e3o funcionam para mim. [&hellip;]<\/p>\n","protected":false},"author":1,"featured_media":0,"parent":0,"menu_order":0,"comment_status":"closed","ping_status":"closed","template":"","meta":{"_acf_changed":false,"site-sidebar-layout":"no-sidebar","site-content-layout":"","ast-site-content-layout":"full-width-container","site-content-style":"default","site-sidebar-style":"default","ast-global-header-display":"","ast-banner-title-visibility":"","ast-main-header-display":"","ast-hfb-above-header-display":"","ast-hfb-below-header-display":"","ast-hfb-mobile-header-display":"","site-post-title":"","ast-breadcrumbs-content":"","ast-featured-img":"disabled","footer-sml-layout":"","ast-disable-related-posts":"","theme-transparent-header-meta":"default","adv-header-id-meta":"","stick-header-meta":"default","header-above-stick-meta":"","header-main-stick-meta":"","header-below-stick-meta":"","astra-migrate-meta-layouts":"set","ast-page-background-enabled":"default","ast-page-background-meta":{"desktop":{"background-color":"var(--ast-global-color-4)","background-image":"","background-repeat":"repeat","background-position":"center center","background-size":"auto","background-attachment":"scroll","background-type":"","background-media":"","overlay-type":"","overlay-color":"","overlay-opacity":"","overlay-gradient":""},"tablet":{"background-color":"","background-image":"","background-repeat":"repeat","background-position":"center center","background-size":"auto","background-attachment":"scroll","background-type":"","background-media":"","overlay-type":"","overlay-color":"","overlay-opacity":"","overlay-gradient":""},"mobile":{"background-color":"","background-image":"","background-repeat":"repeat","background-position":"center center","background-size":"auto","background-attachment":"scroll","background-type":"","background-media":"","overlay-type":"","overlay-color":"","overlay-opacity":"","overlay-gradient":""}},"ast-content-background-meta":{"desktop":{"background-color":"var(--ast-global-color-5)","background-image":"","background-repeat":"repeat","background-position":"center center","background-size":"auto","background-attachment":"scroll","background-type":"","background-media":"","overlay-type":"","overlay-color":"","overlay-opacity":"","overlay-gradient":""},"tablet":{"background-color":"var(--ast-global-color-5)","background-image":"","background-repeat":"repeat","background-position":"center center","background-size":"auto","background-attachment":"scroll","background-type":"","background-media":"","overlay-type":"","overlay-color":"","overlay-opacity":"","overlay-gradient":""},"mobile":{"background-color":"var(--ast-global-color-5)","background-image":"","background-repeat":"repeat","background-position":"center center","background-size":"auto","background-attachment":"scroll","background-type":"","background-media":"","overlay-type":"","overlay-color":"","overlay-opacity":"","overlay-gradient":""}},"footnotes":""},"class_list":["post-3831","page","type-page","status-publish","hentry"],"acf":[],"_links":{"self":[{"href":"https:\/\/cliente.rezeta.com.br\/unico\/wp-json\/wp\/v2\/pages\/3831","targetHints":{"allow":["GET"]}}],"collection":[{"href":"https:\/\/cliente.rezeta.com.br\/unico\/wp-json\/wp\/v2\/pages"}],"about":[{"href":"https:\/\/cliente.rezeta.com.br\/unico\/wp-json\/wp\/v2\/types\/page"}],"author":[{"embeddable":true,"href":"https:\/\/cliente.rezeta.com.br\/unico\/wp-json\/wp\/v2\/users\/1"}],"replies":[{"embeddable":true,"href":"https:\/\/cliente.rezeta.com.br\/unico\/wp-json\/wp\/v2\/comments?post=3831"}],"version-history":[{"count":4,"href":"https:\/\/cliente.rezeta.com.br\/unico\/wp-json\/wp\/v2\/pages\/3831\/revisions"}],"predecessor-version":[{"id":3835,"href":"https:\/\/cliente.rezeta.com.br\/unico\/wp-json\/wp\/v2\/pages\/3831\/revisions\/3835"}],"wp:attachment":[{"href":"https:\/\/cliente.rezeta.com.br\/unico\/wp-json\/wp\/v2\/media?parent=3831"}],"curies":[{"name":"wp","href":"https:\/\/api.w.org\/{rel}","templated":true}]}}